{"id":569,"date":"2024-08-02T16:38:09","date_gmt":"2024-08-02T19:38:09","guid":{"rendered":"https:\/\/livraria.fadenor.com.br\/?post_type=product&#038;p=569"},"modified":"2025-12-12T15:59:12","modified_gmt":"2025-12-12T18:59:12","slug":"569","status":"publish","type":"product","link":"https:\/\/livraria.fadenor.com.br\/?product=569","title":{"rendered":"Tempos de Bonan\u00e7a"},"content":{"rendered":"<p><strong>Autora:<\/strong> Renata de Melo Ferreira Lopes<\/p>\n<p><b>Sinopse<\/b>: Bonan\u00e7a, distrito de Ibiracatu, norte de Minas Gerais, M\u00e9dio S\u00e3o Francisco. Ao dar voz \u00e0 comunidade de um pequeno povoado, a autora coloca, em primeiro plano, elementos da identidade local (sua hist\u00f3ria, ambiente, culin\u00e1ria, religiosidade, mem\u00f3rias de fam\u00edlia etc.) que, transpostos argutamente para uma escala maior, lan\u00e7am luzes sobre tra\u00e7os da cultura geraizeira de toda uma regi\u00e3o do sert\u00e3o norte-mineiro. Traz consigo uma colet\u00e2nea de verbetes do sistema l\u00e9xico local e letras de can\u00e7\u00f5es do g\u00eanero Pastoril.<\/p>\n<p><strong>\u00c1rea:<\/strong> Lingu\u00edstica, Letras e Artes<\/p>\n<p><strong>ISBN:<\/strong> 978-85-94368-14-0<\/p>\n<p><strong>Ano | Edi\u00e7\u00e3o:<\/strong> 2019 | 1\u00b0<\/p>\n<p><strong>P\u00e1ginas:<\/strong> 274<\/p>\n<p><strong>Editora:<\/strong> Unimontes<\/p>\n<p><strong>Dimens\u00e3o:<\/strong> 14x21cm<\/p>\n","protected":false},"excerpt":{"rendered":"<p>Autora: Renata de Melo Ferreira Lopes Sinopse: Bonan\u00e7a, distrito de Ibiracatu, norte de Minas Gerais, M\u00e9dio S\u00e3o Francisco. Ao dar voz \u00e0 comunidade de um pequeno povoado, a autora coloca, em primeiro plano, elementos da identidade local (sua hist\u00f3ria, ambiente, culin\u00e1ria, religiosidade, mem\u00f3rias de fam\u00edlia etc.) que, transpostos argutamente para uma escala maior, lan\u00e7am luzes [&hellip;]<\/p>\n","protected":false},"featured_media":736,"template":"","meta":[],"product_brand":[],"product_cat":[34,26],"product_tag":[],"class_list":{"0":"post-569","1":"product","2":"type-product","3":"status-publish","4":"has-post-thumbnail","6":"product_cat-linguistica-letras-e-artes","7":"product_cat-publicacoes","9":"first","10":"outofstock","11":"shipping-taxable","12":"purchasable","13":"product-type-simple"},"_links":{"self":[{"href":"https:\/\/livraria.fadenor.com.br\/index.php?rest_route=\/wp\/v2\/product\/569","targetHints":{"allow":["GET"]}}],"collection":[{"href":"https:\/\/livraria.fadenor.com.br\/index.php?rest_route=\/wp\/v2\/product"}],"about":[{"href":"https:\/\/livraria.fadenor.com.br\/index.php?rest_route=\/wp\/v2\/types\/product"}],"version-history":[{"count":1,"href":"https:\/\/livraria.fadenor.com.br\/index.php?rest_route=\/wp\/v2\/product\/569\/revisions"}],"predecessor-version":[{"id":2364,"href":"https:\/\/livraria.fadenor.com.br\/index.php?rest_route=\/wp\/v2\/product\/569\/revisions\/2364"}],"wp:featuredmedia":[{"embeddable":true,"href":"https:\/\/livraria.fadenor.com.br\/index.php?rest_route=\/wp\/v2\/media\/736"}],"wp:attachment":[{"href":"https:\/\/livraria.fadenor.com.br\/index.php?rest_route=%2Fwp%2Fv2%2Fmedia&parent=569"}],"wp:term":[{"taxonomy":"product_brand","embeddable":true,"href":"https:\/\/livraria.fadenor.com.br\/index.php?rest_route=%2Fwp%2Fv2%2Fproduct_brand&post=569"},{"taxonomy":"product_cat","embeddable":true,"href":"https:\/\/livraria.fadenor.com.br\/index.php?rest_route=%2Fwp%2Fv2%2Fproduct_cat&post=569"},{"taxonomy":"product_tag","embeddable":true,"href":"https:\/\/livraria.fadenor.com.br\/index.php?rest_route=%2Fwp%2Fv2%2Fproduct_tag&post=569"}],"curies":[{"name":"wp","href":"https:\/\/api.w.org\/{rel}","templated":true}]}}