{"id":906,"date":"2024-08-03T21:34:27","date_gmt":"2024-08-04T00:34:27","guid":{"rendered":"https:\/\/livraria.fadenor.com.br\/?post_type=product&#038;p=906"},"modified":"2025-12-12T15:59:21","modified_gmt":"2025-12-12T18:59:21","slug":"o-diagnostico-da-morte-onde-nao-cabe-equivocar-se","status":"publish","type":"product","link":"https:\/\/livraria.fadenor.com.br\/?product=o-diagnostico-da-morte-onde-nao-cabe-equivocar-se","title":{"rendered":"O diagn\u00f3stico da morte &#8211; Onde n\u00e3o cabe equivocar-se"},"content":{"rendered":"<div class=\"elementor-element elementor-element-3ccc3c85 elementor-widget__width-initial elementor-widget elementor-widget-text-editor\" data-id=\"3ccc3c85\" data-element_type=\"widget\" data-widget_type=\"text-editor.default\">\n<div class=\"elementor-widget-container\">\n<p><b>Autores<\/b>: Fernando Verd\u00fa Pascual e Jos\u00e9 Geraldo de Freitas Drumond<\/p>\n<p><b>Sinopse<\/b>: A Natureza \u2013 sempre perfeitamente imperfeita \u2013 faz com que os m\u00e9dicos se equivoquem e sigam equivocando-se, por muito que tentem fazer exercer as suas fun\u00e7\u00f5es da melhor forma poss\u00edvel. Entretanto, h\u00e1 um quadro cl\u00ednico no qual n\u00e3o cabe o erro e \u00e9 o que justifica a exist\u00eancia deste livro: um m\u00e9dico nunca pode equivocar-se no diagn\u00f3stico da morte. Por\u00e9m, equivocam-se. E como equivocam-se!<\/p>\n<\/div>\n<\/div>\n<section class=\"elementor-section elementor-inner-section elementor-element elementor-element-2ef1669f elementor-section-boxed elementor-section-height-default elementor-section-height-default wpr-particle-no wpr-jarallax-no wpr-parallax-no wpr-sticky-section-no\" data-id=\"2ef1669f\" data-element_type=\"section\">\n<div class=\"elementor-container elementor-column-gap-default\">\n<div class=\"elementor-column elementor-col-50 elementor-inner-column elementor-element elementor-element-369d3bcb\" data-id=\"369d3bcb\" data-element_type=\"column\">\n<div class=\"elementor-widget-wrap elementor-element-populated\">\n<div class=\"elementor-element elementor-element-4a40d8da elementor-widget elementor-widget-text-editor\" data-id=\"4a40d8da\" data-element_type=\"widget\" data-widget_type=\"text-editor.default\">\n<div class=\"elementor-widget-container\">\n<p><strong>\u00c1rea:<\/strong>\u00a0Ci\u00eancias da Sa\u00fade<\/p>\n<p><strong>ISBN:\u00a0<\/strong>978-85-7739-700-6<\/p>\n<p><strong>Ano | Edi\u00e7\u00e3o:\u00a0<\/strong>2016 |\u00a01\u00b0<\/p>\n<p><strong>P\u00e1ginas:\u00a0<\/strong>171<\/p>\n<p><strong>Editora:\u00a0<\/strong>Unimontes<\/p>\n<p><strong>Dimens\u00e3o:\u00a0<\/strong>14x21cm<\/p>\n<\/div>\n<\/div>\n<\/div>\n<\/div>\n<\/div>\n<\/section>\n","protected":false},"excerpt":{"rendered":"<p>Autores: Fernando Verd\u00fa Pascual e Jos\u00e9 Geraldo de Freitas Drumond Sinopse: A Natureza \u2013 sempre perfeitamente imperfeita \u2013 faz com que os m\u00e9dicos se equivoquem e sigam equivocando-se, por muito que tentem fazer exercer as suas fun\u00e7\u00f5es da melhor forma poss\u00edvel. Entretanto, h\u00e1 um quadro cl\u00ednico no qual n\u00e3o cabe o erro e \u00e9 o [&hellip;]<\/p>\n","protected":false},"featured_media":1065,"template":"","meta":[],"product_brand":[],"product_cat":[29,26],"product_tag":[],"class_list":{"0":"post-906","1":"product","2":"type-product","3":"status-publish","4":"has-post-thumbnail","6":"product_cat-ciencias-da-saude","7":"product_cat-publicacoes","9":"first","10":"outofstock","11":"shipping-taxable","12":"purchasable","13":"product-type-simple"},"_links":{"self":[{"href":"https:\/\/livraria.fadenor.com.br\/index.php?rest_route=\/wp\/v2\/product\/906","targetHints":{"allow":["GET"]}}],"collection":[{"href":"https:\/\/livraria.fadenor.com.br\/index.php?rest_route=\/wp\/v2\/product"}],"about":[{"href":"https:\/\/livraria.fadenor.com.br\/index.php?rest_route=\/wp\/v2\/types\/product"}],"version-history":[{"count":2,"href":"https:\/\/livraria.fadenor.com.br\/index.php?rest_route=\/wp\/v2\/product\/906\/revisions"}],"predecessor-version":[{"id":2365,"href":"https:\/\/livraria.fadenor.com.br\/index.php?rest_route=\/wp\/v2\/product\/906\/revisions\/2365"}],"wp:featuredmedia":[{"embeddable":true,"href":"https:\/\/livraria.fadenor.com.br\/index.php?rest_route=\/wp\/v2\/media\/1065"}],"wp:attachment":[{"href":"https:\/\/livraria.fadenor.com.br\/index.php?rest_route=%2Fwp%2Fv2%2Fmedia&parent=906"}],"wp:term":[{"taxonomy":"product_brand","embeddable":true,"href":"https:\/\/livraria.fadenor.com.br\/index.php?rest_route=%2Fwp%2Fv2%2Fproduct_brand&post=906"},{"taxonomy":"product_cat","embeddable":true,"href":"https:\/\/livraria.fadenor.com.br\/index.php?rest_route=%2Fwp%2Fv2%2Fproduct_cat&post=906"},{"taxonomy":"product_tag","embeddable":true,"href":"https:\/\/livraria.fadenor.com.br\/index.php?rest_route=%2Fwp%2Fv2%2Fproduct_tag&post=906"}],"curies":[{"name":"wp","href":"https:\/\/api.w.org\/{rel}","templated":true}]}}