{"id":910,"date":"2024-08-03T22:17:44","date_gmt":"2024-08-04T01:17:44","guid":{"rendered":"https:\/\/livraria.fadenor.com.br\/?post_type=product&#038;p=910"},"modified":"2025-12-12T15:59:47","modified_gmt":"2025-12-12T18:59:47","slug":"medicina-de-familia-abordagem-pratica","status":"publish","type":"product","link":"https:\/\/livraria.fadenor.com.br\/?product=medicina-de-familia-abordagem-pratica","title":{"rendered":"Medicina de Fam\u00edlia: Abordagem Pr\u00e1tica"},"content":{"rendered":"<div class=\"elementor-element elementor-element-496a23f1 elementor-widget__width-initial elementor-widget elementor-widget-text-editor\" data-id=\"496a23f1\" data-element_type=\"widget\" data-widget_type=\"text-editor.default\">\n<div class=\"elementor-widget-container\">\n<p><b>Autores<\/b>: Thattyanne Ckrysttyann Aguiar Souza e Leandro Dias Godoy<\/p>\n<p><b>Sinopse<\/b>: Inspirado no livro mundialmente conhecido\u00a0<i>20 Common Problems \u2013 Primary Care<\/i>, do autor Barry D. Weiss, esta obra aborda os temas mais comuns na aten\u00e7\u00e3o prim\u00e1ria, adaptados \u00e0 realidade brasileira, observados nas Unidades B\u00e1sicas de Sa\u00fade.<\/p>\n<\/div>\n<\/div>\n<section class=\"elementor-section elementor-inner-section elementor-element elementor-element-3f59a3fd elementor-section-boxed elementor-section-height-default elementor-section-height-default wpr-particle-no wpr-jarallax-no wpr-parallax-no wpr-sticky-section-no\" data-id=\"3f59a3fd\" data-element_type=\"section\">\n<div class=\"elementor-container elementor-column-gap-default\">\n<div class=\"elementor-column elementor-col-50 elementor-inner-column elementor-element elementor-element-169c9325\" data-id=\"169c9325\" data-element_type=\"column\">\n<div class=\"elementor-widget-wrap elementor-element-populated\">\n<div class=\"elementor-element elementor-element-557e1a23 elementor-widget elementor-widget-text-editor\" data-id=\"557e1a23\" data-element_type=\"widget\" data-widget_type=\"text-editor.default\">\n<div class=\"elementor-widget-container\">\n<p><strong>\u00c1rea:<\/strong>\u00a0Ci\u00eancias da Sa\u00fade<\/p>\n<p>ISBN:\u00a0978-85-7739-702-0<\/p>\n<p><strong>Ano | Edi\u00e7\u00e3o:<\/strong>\u00a02016 |\u00a01\u00b0<\/p>\n<p><strong>P\u00e1ginas:<\/strong>\u00a0335<\/p>\n<p><strong>Editora:<\/strong>\u00a0Unimontes<\/p>\n<p><strong>Dimens\u00e3o:\u00a0<\/strong>16x23cm<\/p>\n<\/div>\n<\/div>\n<\/div>\n<\/div>\n<\/div>\n<\/section>\n","protected":false},"excerpt":{"rendered":"<p>Autores: Thattyanne Ckrysttyann Aguiar Souza e Leandro Dias Godoy Sinopse: Inspirado no livro mundialmente conhecido\u00a020 Common Problems \u2013 Primary Care, do autor Barry D. Weiss, esta obra aborda os temas mais comuns na aten\u00e7\u00e3o prim\u00e1ria, adaptados \u00e0 realidade brasileira, observados nas Unidades B\u00e1sicas de Sa\u00fade. \u00c1rea:\u00a0Ci\u00eancias da Sa\u00fade ISBN:\u00a0978-85-7739-702-0 Ano | Edi\u00e7\u00e3o:\u00a02016 |\u00a01\u00b0 P\u00e1ginas:\u00a0335 Editora:\u00a0Unimontes [&hellip;]<\/p>\n","protected":false},"featured_media":1070,"template":"","meta":[],"product_brand":[],"product_cat":[29,26],"product_tag":[],"class_list":{"0":"post-910","1":"product","2":"type-product","3":"status-publish","4":"has-post-thumbnail","6":"product_cat-ciencias-da-saude","7":"product_cat-publicacoes","9":"first","10":"outofstock","11":"shipping-taxable","12":"purchasable","13":"product-type-simple"},"_links":{"self":[{"href":"https:\/\/livraria.fadenor.com.br\/index.php?rest_route=\/wp\/v2\/product\/910","targetHints":{"allow":["GET"]}}],"collection":[{"href":"https:\/\/livraria.fadenor.com.br\/index.php?rest_route=\/wp\/v2\/product"}],"about":[{"href":"https:\/\/livraria.fadenor.com.br\/index.php?rest_route=\/wp\/v2\/types\/product"}],"version-history":[{"count":1,"href":"https:\/\/livraria.fadenor.com.br\/index.php?rest_route=\/wp\/v2\/product\/910\/revisions"}],"predecessor-version":[{"id":2368,"href":"https:\/\/livraria.fadenor.com.br\/index.php?rest_route=\/wp\/v2\/product\/910\/revisions\/2368"}],"wp:featuredmedia":[{"embeddable":true,"href":"https:\/\/livraria.fadenor.com.br\/index.php?rest_route=\/wp\/v2\/media\/1070"}],"wp:attachment":[{"href":"https:\/\/livraria.fadenor.com.br\/index.php?rest_route=%2Fwp%2Fv2%2Fmedia&parent=910"}],"wp:term":[{"taxonomy":"product_brand","embeddable":true,"href":"https:\/\/livraria.fadenor.com.br\/index.php?rest_route=%2Fwp%2Fv2%2Fproduct_brand&post=910"},{"taxonomy":"product_cat","embeddable":true,"href":"https:\/\/livraria.fadenor.com.br\/index.php?rest_route=%2Fwp%2Fv2%2Fproduct_cat&post=910"},{"taxonomy":"product_tag","embeddable":true,"href":"https:\/\/livraria.fadenor.com.br\/index.php?rest_route=%2Fwp%2Fv2%2Fproduct_tag&post=910"}],"curies":[{"name":"wp","href":"https:\/\/api.w.org\/{rel}","templated":true}]}}