{"id":911,"date":"2024-08-03T22:20:20","date_gmt":"2024-08-04T01:20:20","guid":{"rendered":"https:\/\/livraria.fadenor.com.br\/?post_type=product&#038;p=911"},"modified":"2025-12-12T15:59:55","modified_gmt":"2025-12-12T18:59:55","slug":"leitura-um-jogo-de-estrategias-metacognitivas","status":"publish","type":"product","link":"https:\/\/livraria.fadenor.com.br\/?product=leitura-um-jogo-de-estrategias-metacognitivas","title":{"rendered":"Leitura: um jogo de estrat\u00e9gias (meta)cognitivas"},"content":{"rendered":"<div class=\"elementor-element elementor-element-36a68538 elementor-widget__width-initial elementor-widget elementor-widget-text-editor\" data-id=\"36a68538\" data-element_type=\"widget\" data-widget_type=\"text-editor.default\">\n<div class=\"elementor-widget-container\">\n<p><b>Autoras<\/b>: Vanuze Maria Pacheco Cavalcante e Maria Clara Maciel de Ara\u00fajo Ribeiro<\/p>\n<p><b>Sinopse<\/b>: As autoras apresentam e discutem a leitura como um processo de compreens\u00e3o din\u00e2mico e interativo regido por estrat\u00e9gias cognitivas e metacognitivas. O intuito da obra \u00e9 subsidiar teoricamente o professor, demonstrando os ganhos dessa abordagem de ensino de leitura a partir do relato de uma experi\u00eancia desenvolvida em sala de aula.<\/p>\n<\/div>\n<\/div>\n<section class=\"elementor-section elementor-inner-section elementor-element elementor-element-2e2e0e93 elementor-section-boxed elementor-section-height-default elementor-section-height-default wpr-particle-no wpr-jarallax-no wpr-parallax-no wpr-sticky-section-no\" data-id=\"2e2e0e93\" data-element_type=\"section\">\n<div class=\"elementor-container elementor-column-gap-default\">\n<div class=\"elementor-column elementor-col-50 elementor-inner-column elementor-element elementor-element-7cbc69ed\" data-id=\"7cbc69ed\" data-element_type=\"column\">\n<div class=\"elementor-widget-wrap elementor-element-populated\">\n<div class=\"elementor-element elementor-element-51daacb4 elementor-widget elementor-widget-text-editor\" data-id=\"51daacb4\" data-element_type=\"widget\" data-widget_type=\"text-editor.default\">\n<div class=\"elementor-widget-container\">\n<p><strong>\u00c1rea:<\/strong>\u00a0Lingu\u00edstica, Letras e Artes<\/p>\n<p><strong>ISBN:\u00a0<\/strong>978-85-7739-715-0<\/p>\n<p><strong>Ano | Edi\u00e7\u00e3o:<\/strong>\u00a02017 |\u00a01\u00b0<\/p>\n<p><strong>P\u00e1ginas:\u00a0<\/strong>138<\/p>\n<p><strong>Editora:\u00a0<\/strong>Unimontes<\/p>\n<p><strong>Dimens\u00e3o:\u00a0<\/strong>14x21cm<\/p>\n<\/div>\n<\/div>\n<\/div>\n<\/div>\n<\/div>\n<\/section>\n","protected":false},"excerpt":{"rendered":"<p>Autoras: Vanuze Maria Pacheco Cavalcante e Maria Clara Maciel de Ara\u00fajo Ribeiro Sinopse: As autoras apresentam e discutem a leitura como um processo de compreens\u00e3o din\u00e2mico e interativo regido por estrat\u00e9gias cognitivas e metacognitivas. O intuito da obra \u00e9 subsidiar teoricamente o professor, demonstrando os ganhos dessa abordagem de ensino de leitura a partir do [&hellip;]<\/p>\n","protected":false},"featured_media":1073,"template":"","meta":[],"product_brand":[],"product_cat":[34,26],"product_tag":[],"class_list":{"0":"post-911","1":"product","2":"type-product","3":"status-publish","4":"has-post-thumbnail","6":"product_cat-linguistica-letras-e-artes","7":"product_cat-publicacoes","9":"first","10":"outofstock","11":"shipping-taxable","12":"purchasable","13":"product-type-simple"},"_links":{"self":[{"href":"https:\/\/livraria.fadenor.com.br\/index.php?rest_route=\/wp\/v2\/product\/911","targetHints":{"allow":["GET"]}}],"collection":[{"href":"https:\/\/livraria.fadenor.com.br\/index.php?rest_route=\/wp\/v2\/product"}],"about":[{"href":"https:\/\/livraria.fadenor.com.br\/index.php?rest_route=\/wp\/v2\/types\/product"}],"version-history":[{"count":1,"href":"https:\/\/livraria.fadenor.com.br\/index.php?rest_route=\/wp\/v2\/product\/911\/revisions"}],"predecessor-version":[{"id":2369,"href":"https:\/\/livraria.fadenor.com.br\/index.php?rest_route=\/wp\/v2\/product\/911\/revisions\/2369"}],"wp:featuredmedia":[{"embeddable":true,"href":"https:\/\/livraria.fadenor.com.br\/index.php?rest_route=\/wp\/v2\/media\/1073"}],"wp:attachment":[{"href":"https:\/\/livraria.fadenor.com.br\/index.php?rest_route=%2Fwp%2Fv2%2Fmedia&parent=911"}],"wp:term":[{"taxonomy":"product_brand","embeddable":true,"href":"https:\/\/livraria.fadenor.com.br\/index.php?rest_route=%2Fwp%2Fv2%2Fproduct_brand&post=911"},{"taxonomy":"product_cat","embeddable":true,"href":"https:\/\/livraria.fadenor.com.br\/index.php?rest_route=%2Fwp%2Fv2%2Fproduct_cat&post=911"},{"taxonomy":"product_tag","embeddable":true,"href":"https:\/\/livraria.fadenor.com.br\/index.php?rest_route=%2Fwp%2Fv2%2Fproduct_tag&post=911"}],"curies":[{"name":"wp","href":"https:\/\/api.w.org\/{rel}","templated":true}]}}