{"id":913,"date":"2024-08-03T22:25:08","date_gmt":"2024-08-04T01:25:08","guid":{"rendered":"https:\/\/livraria.fadenor.com.br\/?post_type=product&#038;p=913"},"modified":"2025-12-12T16:00:12","modified_gmt":"2025-12-12T19:00:12","slug":"feelings-poems","status":"publish","type":"product","link":"https:\/\/livraria.fadenor.com.br\/?product=feelings-poems","title":{"rendered":"Feelings poems"},"content":{"rendered":"<div class=\"elementor-element elementor-element-51c0969b elementor-widget elementor-widget-heading\" data-id=\"51c0969b\" data-element_type=\"widget\" data-widget_type=\"heading.default\">\n<div class=\"elementor-widget-container\">\n<h2 class=\"elementor-heading-title elementor-size-default\"><b style=\"font-size: 16px;\">Autores<\/b><span style=\"font-size: 16px;\">: Warderlino Arruda<\/span><\/h2>\n<\/div>\n<\/div>\n<div class=\"elementor-element elementor-element-4b70045c elementor-widget__width-initial elementor-widget elementor-widget-text-editor\" data-id=\"4b70045c\" data-element_type=\"widget\" data-widget_type=\"text-editor.default\">\n<div class=\"elementor-widget-container\">\n<p><b>Sinopse<\/b>: O autor expressa em l\u00edngua inglesa suas paix\u00f5es e impress\u00f5es nos versos dos 53 poemas que comp\u00f5em a obra. O leitor poder\u00e1 imergir na imagina\u00e7\u00e3o do escritor durante a leitura da obra, numa mistura de sentidos com imagens, cheiros, sabores e sons.<\/p>\n<\/div>\n<\/div>\n<section class=\"elementor-section elementor-inner-section elementor-element elementor-element-4349812c elementor-section-boxed elementor-section-height-default elementor-section-height-default wpr-particle-no wpr-jarallax-no wpr-parallax-no wpr-sticky-section-no\" data-id=\"4349812c\" data-element_type=\"section\">\n<div class=\"elementor-container elementor-column-gap-default\">\n<div class=\"elementor-column elementor-col-50 elementor-inner-column elementor-element elementor-element-2ec6d8da\" data-id=\"2ec6d8da\" data-element_type=\"column\">\n<div class=\"elementor-widget-wrap elementor-element-populated\">\n<div class=\"elementor-element elementor-element-28d1aef2 elementor-widget elementor-widget-text-editor\" data-id=\"28d1aef2\" data-element_type=\"widget\" data-widget_type=\"text-editor.default\">\n<div class=\"elementor-widget-container\">\n<p><strong>\u00c1rea:\u00a0<\/strong>Lingu\u00edstica, Letras e Artes<\/p>\n<p><strong>ISBN:\u00a0<\/strong>85-87786-63-6<\/p>\n<p><strong>Ano | Edi\u00e7\u00e3o:\u00a0<\/strong>2004 |\u00a01\u00b0<\/p>\n<p><strong>P\u00e1ginas:\u00a0<\/strong>88<\/p>\n<p><strong>Idioma:\u00a0<\/strong>Ingl\u00eas<\/p>\n<p><strong>Editora:<\/strong>\u00a0Unimontes<\/p>\n<p><strong>Dimens\u00e3o:\u00a0<\/strong>14x21cm<\/p>\n<\/div>\n<\/div>\n<\/div>\n<\/div>\n<\/div>\n<\/section>\n","protected":false},"excerpt":{"rendered":"<p>Autores: Warderlino Arruda Sinopse: O autor expressa em l\u00edngua inglesa suas paix\u00f5es e impress\u00f5es nos versos dos 53 poemas que comp\u00f5em a obra. O leitor poder\u00e1 imergir na imagina\u00e7\u00e3o do escritor durante a leitura da obra, numa mistura de sentidos com imagens, cheiros, sabores e sons. \u00c1rea:\u00a0Lingu\u00edstica, Letras e Artes ISBN:\u00a085-87786-63-6 Ano | Edi\u00e7\u00e3o:\u00a02004 |\u00a01\u00b0 [&hellip;]<\/p>\n","protected":false},"featured_media":1079,"template":"","meta":[],"product_brand":[],"product_cat":[34,26],"product_tag":[],"class_list":{"0":"post-913","1":"product","2":"type-product","3":"status-publish","4":"has-post-thumbnail","6":"product_cat-linguistica-letras-e-artes","7":"product_cat-publicacoes","9":"first","10":"outofstock","11":"shipping-taxable","12":"purchasable","13":"product-type-simple"},"_links":{"self":[{"href":"https:\/\/livraria.fadenor.com.br\/index.php?rest_route=\/wp\/v2\/product\/913","targetHints":{"allow":["GET"]}}],"collection":[{"href":"https:\/\/livraria.fadenor.com.br\/index.php?rest_route=\/wp\/v2\/product"}],"about":[{"href":"https:\/\/livraria.fadenor.com.br\/index.php?rest_route=\/wp\/v2\/types\/product"}],"version-history":[{"count":1,"href":"https:\/\/livraria.fadenor.com.br\/index.php?rest_route=\/wp\/v2\/product\/913\/revisions"}],"predecessor-version":[{"id":2371,"href":"https:\/\/livraria.fadenor.com.br\/index.php?rest_route=\/wp\/v2\/product\/913\/revisions\/2371"}],"wp:featuredmedia":[{"embeddable":true,"href":"https:\/\/livraria.fadenor.com.br\/index.php?rest_route=\/wp\/v2\/media\/1079"}],"wp:attachment":[{"href":"https:\/\/livraria.fadenor.com.br\/index.php?rest_route=%2Fwp%2Fv2%2Fmedia&parent=913"}],"wp:term":[{"taxonomy":"product_brand","embeddable":true,"href":"https:\/\/livraria.fadenor.com.br\/index.php?rest_route=%2Fwp%2Fv2%2Fproduct_brand&post=913"},{"taxonomy":"product_cat","embeddable":true,"href":"https:\/\/livraria.fadenor.com.br\/index.php?rest_route=%2Fwp%2Fv2%2Fproduct_cat&post=913"},{"taxonomy":"product_tag","embeddable":true,"href":"https:\/\/livraria.fadenor.com.br\/index.php?rest_route=%2Fwp%2Fv2%2Fproduct_tag&post=913"}],"curies":[{"name":"wp","href":"https:\/\/api.w.org\/{rel}","templated":true}]}}