{"id":915,"date":"2024-08-03T22:30:48","date_gmt":"2024-08-04T01:30:48","guid":{"rendered":"https:\/\/livraria.fadenor.com.br\/?post_type=product&#038;p=915"},"modified":"2025-12-12T16:00:37","modified_gmt":"2025-12-12T19:00:37","slug":"expressando-a-sexualidade-na-escola","status":"publish","type":"product","link":"https:\/\/livraria.fadenor.com.br\/?product=expressando-a-sexualidade-na-escola","title":{"rendered":"Expressando a sexualidade na escola"},"content":{"rendered":"<div class=\"elementor-element elementor-element-7f6e8221 elementor-widget__width-initial elementor-widget elementor-widget-text-editor\" data-id=\"7f6e8221\" data-element_type=\"widget\" data-widget_type=\"text-editor.default\">\n<div class=\"elementor-widget-container\">\n<p><b>Autora<\/b>: Janine Sinara Silveira Alves<\/p>\n<p><b>Sinopse<\/b>: A obra\u00a0<i>Expressando a Sexualidade na Escola<\/i>\u00a0apresenta sugest\u00f5es de estrat\u00e9gias que orienta e subsidia o professor sobre v\u00e1rios temas da sexualidade que suscitam a emerg\u00eancia de emo\u00e7\u00f5es, valores, cren\u00e7as, mitos, tabus e preconceitos que est\u00e3o arraigados na identidade pessoal e social dos professores. Para cada tema proposto h\u00e1 v\u00e1rias sugest\u00f5es de oficinas como estrat\u00e9gias para preparar o professor do ensino fundamental no desenvolvimento do trabalho de Orienta\u00e7\u00e3o Sexual na escola.<\/p>\n<\/div>\n<\/div>\n<section class=\"elementor-section elementor-inner-section elementor-element elementor-element-289beb69 elementor-section-boxed elementor-section-height-default elementor-section-height-default wpr-particle-no wpr-jarallax-no wpr-parallax-no wpr-sticky-section-no\" data-id=\"289beb69\" data-element_type=\"section\">\n<div class=\"elementor-container elementor-column-gap-default\">\n<div class=\"elementor-column elementor-col-50 elementor-inner-column elementor-element elementor-element-4fb25b5e\" data-id=\"4fb25b5e\" data-element_type=\"column\">\n<div class=\"elementor-widget-wrap elementor-element-populated\">\n<div class=\"elementor-element elementor-element-453db857 elementor-widget elementor-widget-text-editor\" data-id=\"453db857\" data-element_type=\"widget\" data-widget_type=\"text-editor.default\">\n<div class=\"elementor-widget-container\">\n<p><strong>\u00c1rea:<\/strong>\u00a0Ci\u00eancias Humanas<\/p>\n<p><strong>ISBN:\u00a0<\/strong>978-85-7739-697-9<\/p>\n<p><strong>Ano | Edi\u00e7\u00e3o:<\/strong>\u00a02016 |\u00a01\u00b0<\/p>\n<p><strong>P\u00e1ginas:\u00a0<\/strong>184<\/p>\n<p><strong>Editora:<\/strong>\u00a0Unimontes<\/p>\n<p><strong>Dimens\u00e3o:\u00a0<\/strong>14x21cm<\/p>\n<\/div>\n<\/div>\n<\/div>\n<\/div>\n<\/div>\n<\/section>\n","protected":false},"excerpt":{"rendered":"<p>Autora: Janine Sinara Silveira Alves Sinopse: A obra\u00a0Expressando a Sexualidade na Escola\u00a0apresenta sugest\u00f5es de estrat\u00e9gias que orienta e subsidia o professor sobre v\u00e1rios temas da sexualidade que suscitam a emerg\u00eancia de emo\u00e7\u00f5es, valores, cren\u00e7as, mitos, tabus e preconceitos que est\u00e3o arraigados na identidade pessoal e social dos professores. Para cada tema proposto h\u00e1 v\u00e1rias sugest\u00f5es [&hellip;]<\/p>\n","protected":false},"featured_media":1080,"template":"","meta":[],"product_brand":[],"product_cat":[31,26],"product_tag":[],"class_list":{"0":"post-915","1":"product","2":"type-product","3":"status-publish","4":"has-post-thumbnail","6":"product_cat-ciencias-humanas","7":"product_cat-publicacoes","9":"first","10":"outofstock","11":"shipping-taxable","12":"purchasable","13":"product-type-simple"},"_links":{"self":[{"href":"https:\/\/livraria.fadenor.com.br\/index.php?rest_route=\/wp\/v2\/product\/915","targetHints":{"allow":["GET"]}}],"collection":[{"href":"https:\/\/livraria.fadenor.com.br\/index.php?rest_route=\/wp\/v2\/product"}],"about":[{"href":"https:\/\/livraria.fadenor.com.br\/index.php?rest_route=\/wp\/v2\/types\/product"}],"version-history":[{"count":1,"href":"https:\/\/livraria.fadenor.com.br\/index.php?rest_route=\/wp\/v2\/product\/915\/revisions"}],"predecessor-version":[{"id":2373,"href":"https:\/\/livraria.fadenor.com.br\/index.php?rest_route=\/wp\/v2\/product\/915\/revisions\/2373"}],"wp:featuredmedia":[{"embeddable":true,"href":"https:\/\/livraria.fadenor.com.br\/index.php?rest_route=\/wp\/v2\/media\/1080"}],"wp:attachment":[{"href":"https:\/\/livraria.fadenor.com.br\/index.php?rest_route=%2Fwp%2Fv2%2Fmedia&parent=915"}],"wp:term":[{"taxonomy":"product_brand","embeddable":true,"href":"https:\/\/livraria.fadenor.com.br\/index.php?rest_route=%2Fwp%2Fv2%2Fproduct_brand&post=915"},{"taxonomy":"product_cat","embeddable":true,"href":"https:\/\/livraria.fadenor.com.br\/index.php?rest_route=%2Fwp%2Fv2%2Fproduct_cat&post=915"},{"taxonomy":"product_tag","embeddable":true,"href":"https:\/\/livraria.fadenor.com.br\/index.php?rest_route=%2Fwp%2Fv2%2Fproduct_tag&post=915"}],"curies":[{"name":"wp","href":"https:\/\/api.w.org\/{rel}","templated":true}]}}