{"id":919,"date":"2024-08-03T22:36:15","date_gmt":"2024-08-04T01:36:15","guid":{"rendered":"https:\/\/livraria.fadenor.com.br\/?post_type=product&#038;p=919"},"modified":"2025-12-12T16:01:53","modified_gmt":"2025-12-12T19:01:53","slug":"eu-sou-o-cerrado","status":"publish","type":"product","link":"https:\/\/livraria.fadenor.com.br\/?product=eu-sou-o-cerrado","title":{"rendered":"Eu sou o cerrado"},"content":{"rendered":"<div class=\"elementor-element elementor-element-7b7999f7 elementor-widget__width-initial elementor-widget elementor-widget-text-editor\" data-id=\"7b7999f7\" data-element_type=\"widget\" data-widget_type=\"text-editor.default\">\n<div class=\"elementor-widget-container\">\n<p><b>Autor<\/b>: Ivo das Chagas<\/p>\n<p><b>Sinopse<\/b>: A conflu\u00eancia de dois personagens fundamentais na vida da humanidade:\u00a0<i>Eu sou o Cerrado<\/i>\u00a0e\u00a0<i>Eu sou o S\u00e3o Francisco<\/i>. Aqui se misturam torrentes de vegetais, animais e de gentes. Dois n\u00facleos dram\u00e1ticos onde se encontram e se abra\u00e7am dois important\u00edssimos personagens que, pelo processo da figura de ret\u00f3rica \u2013 os fil\u00f3logos \u2013 chamam de prosopopeia \u2013 ganham alma, vida.<\/p>\n<\/div>\n<\/div>\n<section class=\"elementor-section elementor-inner-section elementor-element elementor-element-553a06a9 elementor-section-boxed elementor-section-height-default elementor-section-height-default wpr-particle-no wpr-jarallax-no wpr-parallax-no wpr-sticky-section-no\" data-id=\"553a06a9\" data-element_type=\"section\">\n<div class=\"elementor-container elementor-column-gap-default\">\n<div class=\"elementor-column elementor-col-50 elementor-inner-column elementor-element elementor-element-1ef9b3d2\" data-id=\"1ef9b3d2\" data-element_type=\"column\">\n<div class=\"elementor-widget-wrap elementor-element-populated\">\n<div class=\"elementor-element elementor-element-647fedfa elementor-widget elementor-widget-text-editor\" data-id=\"647fedfa\" data-element_type=\"widget\" data-widget_type=\"text-editor.default\">\n<div class=\"elementor-widget-container\">\n<p><strong>\u00c1rea:<\/strong>\u00a0Lingu\u00edstica, Letras e Artes<\/p>\n<p><strong>ISBN:\u00a0<\/strong>978-85-7739-507-1<\/p>\n<p><strong>Ano | Edi\u00e7\u00e3o:<\/strong>\u00a02014 |\u00a01\u00b0<\/p>\n<p><strong>P\u00e1ginas:\u00a0<\/strong>63<\/p>\n<p><strong>Editora:\u00a0<\/strong>Unimontes<\/p>\n<p><strong>Dimens\u00e3o:<\/strong>\u00a014x21cm<\/p>\n<\/div>\n<\/div>\n<\/div>\n<\/div>\n<\/div>\n<\/section>\n","protected":false},"excerpt":{"rendered":"<p>Autor: Ivo das Chagas Sinopse: A conflu\u00eancia de dois personagens fundamentais na vida da humanidade:\u00a0Eu sou o Cerrado\u00a0e\u00a0Eu sou o S\u00e3o Francisco. Aqui se misturam torrentes de vegetais, animais e de gentes. Dois n\u00facleos dram\u00e1ticos onde se encontram e se abra\u00e7am dois important\u00edssimos personagens que, pelo processo da figura de ret\u00f3rica \u2013 os fil\u00f3logos \u2013 [&hellip;]<\/p>\n","protected":false},"featured_media":1098,"template":"","meta":[],"product_brand":[],"product_cat":[47,34,26],"product_tag":[],"class_list":{"0":"post-919","1":"product","2":"type-product","3":"status-publish","4":"has-post-thumbnail","6":"product_cat-best-sales","7":"product_cat-linguistica-letras-e-artes","8":"product_cat-publicacoes","10":"first","11":"outofstock","12":"shipping-taxable","13":"purchasable","14":"product-type-simple"},"_links":{"self":[{"href":"https:\/\/livraria.fadenor.com.br\/index.php?rest_route=\/wp\/v2\/product\/919","targetHints":{"allow":["GET"]}}],"collection":[{"href":"https:\/\/livraria.fadenor.com.br\/index.php?rest_route=\/wp\/v2\/product"}],"about":[{"href":"https:\/\/livraria.fadenor.com.br\/index.php?rest_route=\/wp\/v2\/types\/product"}],"version-history":[{"count":1,"href":"https:\/\/livraria.fadenor.com.br\/index.php?rest_route=\/wp\/v2\/product\/919\/revisions"}],"predecessor-version":[{"id":2375,"href":"https:\/\/livraria.fadenor.com.br\/index.php?rest_route=\/wp\/v2\/product\/919\/revisions\/2375"}],"wp:featuredmedia":[{"embeddable":true,"href":"https:\/\/livraria.fadenor.com.br\/index.php?rest_route=\/wp\/v2\/media\/1098"}],"wp:attachment":[{"href":"https:\/\/livraria.fadenor.com.br\/index.php?rest_route=%2Fwp%2Fv2%2Fmedia&parent=919"}],"wp:term":[{"taxonomy":"product_brand","embeddable":true,"href":"https:\/\/livraria.fadenor.com.br\/index.php?rest_route=%2Fwp%2Fv2%2Fproduct_brand&post=919"},{"taxonomy":"product_cat","embeddable":true,"href":"https:\/\/livraria.fadenor.com.br\/index.php?rest_route=%2Fwp%2Fv2%2Fproduct_cat&post=919"},{"taxonomy":"product_tag","embeddable":true,"href":"https:\/\/livraria.fadenor.com.br\/index.php?rest_route=%2Fwp%2Fv2%2Fproduct_tag&post=919"}],"curies":[{"name":"wp","href":"https:\/\/api.w.org\/{rel}","templated":true}]}}