{"id":924,"date":"2024-08-03T22:45:40","date_gmt":"2024-08-04T01:45:40","guid":{"rendered":"https:\/\/livraria.fadenor.com.br\/?post_type=product&#038;p=924"},"modified":"2025-12-12T16:02:24","modified_gmt":"2025-12-12T19:02:24","slug":"em-defesa-da-pesquisa-qualitativa-desenho-analise-de-dados-e-textualizacao","status":"publish","type":"product","link":"https:\/\/livraria.fadenor.com.br\/?product=em-defesa-da-pesquisa-qualitativa-desenho-analise-de-dados-e-textualizacao","title":{"rendered":"Em defesa da pesquisa qualitativa: desenho, an\u00e1lise de dados e textualiza\u00e7\u00e3o"},"content":{"rendered":"<div class=\"elementor-element elementor-element-676871e elementor-widget__width-initial elementor-widget elementor-widget-text-editor\" data-id=\"676871e\" data-element_type=\"widget\" data-widget_type=\"text-editor.default\">\n<div class=\"elementor-widget-container\">\n<p><b>Autor<\/b>: Mario Cardano<\/p>\n<p><b>Sinopse<\/b>: Concentrando-se nas fases da pesquisa qualitativa que antecedem e seguem o trabalho de campo \u2013 desenho, an\u00e1lise e textualiza\u00e7\u00e3o \u2013 este livro oferece novas ferramentas te\u00f3ricas para lidar com uma das cr\u00edticas mais comuns feitas \u00e0 pesquisa qualitativa: sua presumida falta de rigor. Rejeitando a no\u00e7\u00e3o de \u201crigor\u201d t\u00edpica da pesquisa quantitativa e baseada na teoria da probabilidade, prop\u00f5e um quadro te\u00f3rico que permite combinar os objetivos de rigor e o da criatividade por meio da refer\u00eancia \u00e0 teoria da argumenta\u00e7\u00e3o. A edi\u00e7\u00e3o em portugu\u00eas desta obra n\u00e3o \u00e9 uma mera tradu\u00e7\u00e3o do ingl\u00eas. Ao preparar este texto para o p\u00fablico brasileiro, o autor guiou-se pelos principais textos metodol\u00f3gicos brasileiros e por algumas das mais importantes pesquisas brasileiras realizadas com essa abordagem.<\/p>\n<\/div>\n<\/div>\n<section class=\"elementor-section elementor-inner-section elementor-element elementor-element-25b391ad elementor-section-boxed elementor-section-height-default elementor-section-height-default wpr-particle-no wpr-jarallax-no wpr-parallax-no wpr-sticky-section-no\" data-id=\"25b391ad\" data-element_type=\"section\">\n<div class=\"elementor-container elementor-column-gap-default\">\n<div class=\"elementor-column elementor-col-50 elementor-inner-column elementor-element elementor-element-47f6c210\" data-id=\"47f6c210\" data-element_type=\"column\">\n<div class=\"elementor-widget-wrap elementor-element-populated\">\n<div class=\"elementor-element elementor-element-36ebeff0 elementor-widget elementor-widget-text-editor\" data-id=\"36ebeff0\" data-element_type=\"widget\" data-widget_type=\"text-editor.default\">\n<div class=\"elementor-widget-container\">\n<p><strong>\u00c1rea:<\/strong>\u00a0Ci\u00eancias Sociais Aplicadas<\/p>\n<p><strong>ISBN:\u00a0<\/strong>978-65-86467-68-0<\/p>\n<p><strong>Ano:<\/strong>\u00a02024<\/p>\n<p><strong>P\u00e1ginas:\u00a0<\/strong>266<\/p>\n<p><strong>Editora:\u00a0<\/strong>Unimontes<\/p>\n<p><strong>Dimens\u00e3o:<\/strong>\u00a016x23cm<\/p>\n<\/div>\n<\/div>\n<\/div>\n<\/div>\n<\/div>\n<\/section>\n","protected":false},"excerpt":{"rendered":"<p>Autor: Mario Cardano Sinopse: Concentrando-se nas fases da pesquisa qualitativa que antecedem e seguem o trabalho de campo \u2013 desenho, an\u00e1lise e textualiza\u00e7\u00e3o \u2013 este livro oferece novas ferramentas te\u00f3ricas para lidar com uma das cr\u00edticas mais comuns feitas \u00e0 pesquisa qualitativa: sua presumida falta de rigor. Rejeitando a no\u00e7\u00e3o de \u201crigor\u201d t\u00edpica da pesquisa [&hellip;]<\/p>\n","protected":false},"featured_media":1097,"template":"","meta":[],"product_brand":[],"product_cat":[32,26],"product_tag":[],"class_list":{"0":"post-924","1":"product","2":"type-product","3":"status-publish","4":"has-post-thumbnail","6":"product_cat-ciencias-sociais-aplicadas","7":"product_cat-publicacoes","9":"first","10":"outofstock","11":"shipping-taxable","12":"purchasable","13":"product-type-simple"},"_links":{"self":[{"href":"https:\/\/livraria.fadenor.com.br\/index.php?rest_route=\/wp\/v2\/product\/924","targetHints":{"allow":["GET"]}}],"collection":[{"href":"https:\/\/livraria.fadenor.com.br\/index.php?rest_route=\/wp\/v2\/product"}],"about":[{"href":"https:\/\/livraria.fadenor.com.br\/index.php?rest_route=\/wp\/v2\/types\/product"}],"version-history":[{"count":1,"href":"https:\/\/livraria.fadenor.com.br\/index.php?rest_route=\/wp\/v2\/product\/924\/revisions"}],"predecessor-version":[{"id":2379,"href":"https:\/\/livraria.fadenor.com.br\/index.php?rest_route=\/wp\/v2\/product\/924\/revisions\/2379"}],"wp:featuredmedia":[{"embeddable":true,"href":"https:\/\/livraria.fadenor.com.br\/index.php?rest_route=\/wp\/v2\/media\/1097"}],"wp:attachment":[{"href":"https:\/\/livraria.fadenor.com.br\/index.php?rest_route=%2Fwp%2Fv2%2Fmedia&parent=924"}],"wp:term":[{"taxonomy":"product_brand","embeddable":true,"href":"https:\/\/livraria.fadenor.com.br\/index.php?rest_route=%2Fwp%2Fv2%2Fproduct_brand&post=924"},{"taxonomy":"product_cat","embeddable":true,"href":"https:\/\/livraria.fadenor.com.br\/index.php?rest_route=%2Fwp%2Fv2%2Fproduct_cat&post=924"},{"taxonomy":"product_tag","embeddable":true,"href":"https:\/\/livraria.fadenor.com.br\/index.php?rest_route=%2Fwp%2Fv2%2Fproduct_tag&post=924"}],"curies":[{"name":"wp","href":"https:\/\/api.w.org\/{rel}","templated":true}]}}