{"id":925,"date":"2024-08-03T22:47:30","date_gmt":"2024-08-04T01:47:30","guid":{"rendered":"https:\/\/livraria.fadenor.com.br\/?post_type=product&#038;p=925"},"modified":"2025-12-12T16:02:32","modified_gmt":"2025-12-12T19:02:32","slug":"el-rayto-de-sol","status":"publish","type":"product","link":"https:\/\/livraria.fadenor.com.br\/?product=el-rayto-de-sol","title":{"rendered":"El Rayto de Sol"},"content":{"rendered":"<div class=\"elementor-element elementor-element-66ce540d elementor-widget__width-initial elementor-widget elementor-widget-text-editor\" data-id=\"66ce540d\" data-element_type=\"widget\" data-widget_type=\"text-editor.default\">\n<div class=\"elementor-widget-container\">\n<p><b>Autora<\/b>: Angela Vera Tupinamb\u00e1 Castro<\/p>\n<p><b>Sinopse<\/b>:\u00a0Escrito pela montes-clarense Angela Vera Tupinamb\u00e1 de Castro, o livro \u00e9 sua primeira incurs\u00e3o na literatura, atrav\u00e9s da qual expressa sua emo\u00e7\u00e3o em ser av\u00f3. Dedicado ao seu neto, trata-se de literatura infantil em l\u00edngua espanhola.<\/p>\n<\/div>\n<\/div>\n<section class=\"elementor-section elementor-inner-section elementor-element elementor-element-50fcf549 elementor-section-boxed elementor-section-height-default elementor-section-height-default wpr-particle-no wpr-jarallax-no wpr-parallax-no wpr-sticky-section-no\" data-id=\"50fcf549\" data-element_type=\"section\">\n<div class=\"elementor-container elementor-column-gap-default\">\n<div class=\"elementor-column elementor-col-50 elementor-inner-column elementor-element elementor-element-688c9d9\" data-id=\"688c9d9\" data-element_type=\"column\">\n<div class=\"elementor-widget-wrap elementor-element-populated\">\n<div class=\"elementor-element elementor-element-22b9e6d4 elementor-widget elementor-widget-text-editor\" data-id=\"22b9e6d4\" data-element_type=\"widget\" data-widget_type=\"text-editor.default\">\n<div class=\"elementor-widget-container\">\n<p><strong>\u00c1rea:<\/strong>\u00a0Lingu\u00edstica, Letras e Artes<\/p>\n<p><strong>ISBN:\u00a0<\/strong>85-87786-43-1<\/p>\n<p><strong>Ano | Edi\u00e7\u00e3o:\u00a0<\/strong>2002 |\u00a01\u00b0<\/p>\n<p><strong>P\u00e1ginas:\u00a0<\/strong>24<\/p>\n<p><strong>Idioma:\u00a0<\/strong>Espanhol<\/p>\n<p><strong>Editora:<\/strong>\u00a0Unimontes<\/p>\n<p><strong>Dimens\u00e3o:<\/strong>\u00a022x22cm<\/p>\n<\/div>\n<\/div>\n<\/div>\n<\/div>\n<\/div>\n<\/section>\n","protected":false},"excerpt":{"rendered":"<p>Autora: Angela Vera Tupinamb\u00e1 Castro Sinopse:\u00a0Escrito pela montes-clarense Angela Vera Tupinamb\u00e1 de Castro, o livro \u00e9 sua primeira incurs\u00e3o na literatura, atrav\u00e9s da qual expressa sua emo\u00e7\u00e3o em ser av\u00f3. Dedicado ao seu neto, trata-se de literatura infantil em l\u00edngua espanhola. \u00c1rea:\u00a0Lingu\u00edstica, Letras e Artes ISBN:\u00a085-87786-43-1 Ano | Edi\u00e7\u00e3o:\u00a02002 |\u00a01\u00b0 P\u00e1ginas:\u00a024 Idioma:\u00a0Espanhol Editora:\u00a0Unimontes Dimens\u00e3o:\u00a022x22cm<\/p>\n","protected":false},"featured_media":1090,"template":"","meta":[],"product_brand":[],"product_cat":[34,26],"product_tag":[],"class_list":{"0":"post-925","1":"product","2":"type-product","3":"status-publish","4":"has-post-thumbnail","6":"product_cat-linguistica-letras-e-artes","7":"product_cat-publicacoes","9":"first","10":"outofstock","11":"shipping-taxable","12":"purchasable","13":"product-type-simple"},"_links":{"self":[{"href":"https:\/\/livraria.fadenor.com.br\/index.php?rest_route=\/wp\/v2\/product\/925","targetHints":{"allow":["GET"]}}],"collection":[{"href":"https:\/\/livraria.fadenor.com.br\/index.php?rest_route=\/wp\/v2\/product"}],"about":[{"href":"https:\/\/livraria.fadenor.com.br\/index.php?rest_route=\/wp\/v2\/types\/product"}],"version-history":[{"count":1,"href":"https:\/\/livraria.fadenor.com.br\/index.php?rest_route=\/wp\/v2\/product\/925\/revisions"}],"predecessor-version":[{"id":2380,"href":"https:\/\/livraria.fadenor.com.br\/index.php?rest_route=\/wp\/v2\/product\/925\/revisions\/2380"}],"wp:featuredmedia":[{"embeddable":true,"href":"https:\/\/livraria.fadenor.com.br\/index.php?rest_route=\/wp\/v2\/media\/1090"}],"wp:attachment":[{"href":"https:\/\/livraria.fadenor.com.br\/index.php?rest_route=%2Fwp%2Fv2%2Fmedia&parent=925"}],"wp:term":[{"taxonomy":"product_brand","embeddable":true,"href":"https:\/\/livraria.fadenor.com.br\/index.php?rest_route=%2Fwp%2Fv2%2Fproduct_brand&post=925"},{"taxonomy":"product_cat","embeddable":true,"href":"https:\/\/livraria.fadenor.com.br\/index.php?rest_route=%2Fwp%2Fv2%2Fproduct_cat&post=925"},{"taxonomy":"product_tag","embeddable":true,"href":"https:\/\/livraria.fadenor.com.br\/index.php?rest_route=%2Fwp%2Fv2%2Fproduct_tag&post=925"}],"curies":[{"name":"wp","href":"https:\/\/api.w.org\/{rel}","templated":true}]}}