{"id":929,"date":"2024-08-03T22:58:16","date_gmt":"2024-08-04T01:58:16","guid":{"rendered":"https:\/\/livraria.fadenor.com.br\/?post_type=product&#038;p=929"},"modified":"2025-12-12T16:02:42","modified_gmt":"2025-12-12T19:02:42","slug":"economes-emprestimos-linguisticos-na-area-de-economia","status":"publish","type":"product","link":"https:\/\/livraria.fadenor.com.br\/?product=economes-emprestimos-linguisticos-na-area-de-economia","title":{"rendered":"Econom\u00eas: Empr\u00e9stimos Lingu\u00edsticos na \u00e1rea de Economia"},"content":{"rendered":"<div class=\"elementor-element elementor-element-6415b53b elementor-widget__width-initial elementor-widget elementor-widget-text-editor\" data-id=\"6415b53b\" data-element_type=\"widget\" data-widget_type=\"text-editor.default\">\n<div class=\"elementor-widget-container\">\n<p><b>Autora<\/b>: Juliana Mendes Campos Quintino<\/p>\n<p><b>Sinopse<\/b>: Este livro procura refletir a respeito das altera\u00e7\u00f5es sofridas pelo l\u00e9xico da l\u00edngua portuguesa em sua vertente brasileira, provenientes do acr\u00e9scimo de empr\u00e9stimos lingu\u00edsticos ao seu acervo lexical t\u00e9cnico-cient\u00edfico da \u00e1rea da Economia.<\/p>\n<\/div>\n<\/div>\n<section class=\"elementor-section elementor-inner-section elementor-element elementor-element-4d8ce4bf elementor-section-boxed elementor-section-height-default elementor-section-height-default wpr-particle-no wpr-jarallax-no wpr-parallax-no wpr-sticky-section-no\" data-id=\"4d8ce4bf\" data-element_type=\"section\">\n<div class=\"elementor-container elementor-column-gap-default\">\n<div class=\"elementor-column elementor-col-50 elementor-inner-column elementor-element elementor-element-1bde6b8d\" data-id=\"1bde6b8d\" data-element_type=\"column\">\n<div class=\"elementor-widget-wrap elementor-element-populated\">\n<div class=\"elementor-element elementor-element-420748b7 elementor-widget elementor-widget-text-editor\" data-id=\"420748b7\" data-element_type=\"widget\" data-widget_type=\"text-editor.default\">\n<div class=\"elementor-widget-container\">\n<p><strong>\u00c1rea:\u00a0<\/strong>Lingu\u00edstica, Letras e Artes<\/p>\n<p><strong>ISBN:\u00a0<\/strong>85-87786-81-4<\/p>\n<p><strong>Ano | Edi\u00e7\u00e3o:\u00a0<\/strong>2005 |\u00a01\u00b0<\/p>\n<p><strong>P\u00e1ginas:<\/strong>\u00a0118<\/p>\n<p><strong>Editora:\u00a0<\/strong>Unimontes<\/p>\n<p><strong>Dimens\u00e3o:\u00a0<\/strong>14x21cm<\/p>\n<\/div>\n<\/div>\n<\/div>\n<\/div>\n<\/div>\n<\/section>\n","protected":false},"excerpt":{"rendered":"<p>Autora: Juliana Mendes Campos Quintino Sinopse: Este livro procura refletir a respeito das altera\u00e7\u00f5es sofridas pelo l\u00e9xico da l\u00edngua portuguesa em sua vertente brasileira, provenientes do acr\u00e9scimo de empr\u00e9stimos lingu\u00edsticos ao seu acervo lexical t\u00e9cnico-cient\u00edfico da \u00e1rea da Economia. \u00c1rea:\u00a0Lingu\u00edstica, Letras e Artes ISBN:\u00a085-87786-81-4 Ano | Edi\u00e7\u00e3o:\u00a02005 |\u00a01\u00b0 P\u00e1ginas:\u00a0118 Editora:\u00a0Unimontes Dimens\u00e3o:\u00a014x21cm<\/p>\n","protected":false},"featured_media":1091,"template":"","meta":[],"product_brand":[],"product_cat":[34,26],"product_tag":[],"class_list":{"0":"post-929","1":"product","2":"type-product","3":"status-publish","4":"has-post-thumbnail","6":"product_cat-linguistica-letras-e-artes","7":"product_cat-publicacoes","9":"first","10":"outofstock","11":"shipping-taxable","12":"purchasable","13":"product-type-simple"},"_links":{"self":[{"href":"https:\/\/livraria.fadenor.com.br\/index.php?rest_route=\/wp\/v2\/product\/929","targetHints":{"allow":["GET"]}}],"collection":[{"href":"https:\/\/livraria.fadenor.com.br\/index.php?rest_route=\/wp\/v2\/product"}],"about":[{"href":"https:\/\/livraria.fadenor.com.br\/index.php?rest_route=\/wp\/v2\/types\/product"}],"version-history":[{"count":1,"href":"https:\/\/livraria.fadenor.com.br\/index.php?rest_route=\/wp\/v2\/product\/929\/revisions"}],"predecessor-version":[{"id":2381,"href":"https:\/\/livraria.fadenor.com.br\/index.php?rest_route=\/wp\/v2\/product\/929\/revisions\/2381"}],"wp:featuredmedia":[{"embeddable":true,"href":"https:\/\/livraria.fadenor.com.br\/index.php?rest_route=\/wp\/v2\/media\/1091"}],"wp:attachment":[{"href":"https:\/\/livraria.fadenor.com.br\/index.php?rest_route=%2Fwp%2Fv2%2Fmedia&parent=929"}],"wp:term":[{"taxonomy":"product_brand","embeddable":true,"href":"https:\/\/livraria.fadenor.com.br\/index.php?rest_route=%2Fwp%2Fv2%2Fproduct_brand&post=929"},{"taxonomy":"product_cat","embeddable":true,"href":"https:\/\/livraria.fadenor.com.br\/index.php?rest_route=%2Fwp%2Fv2%2Fproduct_cat&post=929"},{"taxonomy":"product_tag","embeddable":true,"href":"https:\/\/livraria.fadenor.com.br\/index.php?rest_route=%2Fwp%2Fv2%2Fproduct_tag&post=929"}],"curies":[{"name":"wp","href":"https:\/\/api.w.org\/{rel}","templated":true}]}}