{"id":930,"date":"2024-08-03T23:00:32","date_gmt":"2024-08-04T02:00:32","guid":{"rendered":"https:\/\/livraria.fadenor.com.br\/?post_type=product&#038;p=930"},"modified":"2025-12-12T16:02:49","modified_gmt":"2025-12-12T19:02:49","slug":"diferencas-e-parcerias-esse-e-o-foco-do-nosso-negocio","status":"publish","type":"product","link":"https:\/\/livraria.fadenor.com.br\/?product=diferencas-e-parcerias-esse-e-o-foco-do-nosso-negocio","title":{"rendered":"Diferen\u00e7as e parcerias: esse \u00e9 o foco do nosso neg\u00f3cio"},"content":{"rendered":"<div class=\"elementor-element elementor-element-10f2580 elementor-widget__width-initial elementor-widget elementor-widget-text-editor\" data-id=\"10f2580\" data-element_type=\"widget\" data-widget_type=\"text-editor.default\">\n<div class=\"elementor-widget-container\">\n<p><b>Autores<\/b>: Geraldo Ant\u00f4nio dos Reis et. al<\/p>\n<p><b>Sinopse<\/b>: O tratamento dos desequil\u00edbrios regionais focado exclusivamente em uma concentra\u00e7\u00e3o de investimento em setores microecon\u00f4micos rent\u00e1veis pode, na pr\u00e1tica, inviabilizar o desenvolvimento econ\u00f4mico do pa\u00eds. A experi\u00eancia internacional mostra que os desequil\u00edbrios referidos n\u00e3o se solucionam espontaneamente, e por isso h\u00e1 necessidade de uma interven\u00e7\u00e3o governamental para fomentar a mobiliza\u00e7\u00e3o dos recursos produtivos das \u00e1reas menos din\u00e2micas e, dessa maneira, atenuar as referidas disparidades.<\/p>\n<\/div>\n<\/div>\n<section class=\"elementor-section elementor-inner-section elementor-element elementor-element-fd0696d elementor-section-boxed elementor-section-height-default elementor-section-height-default wpr-particle-no wpr-jarallax-no wpr-parallax-no wpr-sticky-section-no\" data-id=\"fd0696d\" data-element_type=\"section\">\n<div class=\"elementor-container elementor-column-gap-default\">\n<div class=\"elementor-column elementor-col-50 elementor-inner-column elementor-element elementor-element-8de932c\" data-id=\"8de932c\" data-element_type=\"column\">\n<div class=\"elementor-widget-wrap elementor-element-populated\">\n<div class=\"elementor-element elementor-element-a571c1a elementor-widget elementor-widget-text-editor\" data-id=\"a571c1a\" data-element_type=\"widget\" data-widget_type=\"text-editor.default\">\n<div class=\"elementor-widget-container\">\n<p><strong>\u00c1rea:<\/strong>\u00a0Ci\u00eancias Sociais Aplicadas<\/p>\n<p><strong>ISBN:<\/strong>\u00a085-87786-87-3<\/p>\n<p><strong>Ano | Edi\u00e7\u00e3o:<\/strong>\u00a02005 |\u00a01\u00b0<\/p>\n<p><strong>P\u00e1ginas:\u00a0<\/strong>133<\/p>\n<p><strong>Editora:<\/strong>\u00a0Unimontes<\/p>\n<p><strong>Dimens\u00e3o:\u00a0<\/strong>14x21cm<\/p>\n<\/div>\n<\/div>\n<\/div>\n<\/div>\n<\/div>\n<\/section>\n","protected":false},"excerpt":{"rendered":"<p>Autores: Geraldo Ant\u00f4nio dos Reis et. al Sinopse: O tratamento dos desequil\u00edbrios regionais focado exclusivamente em uma concentra\u00e7\u00e3o de investimento em setores microecon\u00f4micos rent\u00e1veis pode, na pr\u00e1tica, inviabilizar o desenvolvimento econ\u00f4mico do pa\u00eds. A experi\u00eancia internacional mostra que os desequil\u00edbrios referidos n\u00e3o se solucionam espontaneamente, e por isso h\u00e1 necessidade de uma interven\u00e7\u00e3o governamental para [&hellip;]<\/p>\n","protected":false},"featured_media":1096,"template":"","meta":[],"product_brand":[],"product_cat":[32,26],"product_tag":[],"class_list":{"0":"post-930","1":"product","2":"type-product","3":"status-publish","4":"has-post-thumbnail","6":"product_cat-ciencias-sociais-aplicadas","7":"product_cat-publicacoes","9":"first","10":"outofstock","11":"shipping-taxable","12":"purchasable","13":"product-type-simple"},"_links":{"self":[{"href":"https:\/\/livraria.fadenor.com.br\/index.php?rest_route=\/wp\/v2\/product\/930","targetHints":{"allow":["GET"]}}],"collection":[{"href":"https:\/\/livraria.fadenor.com.br\/index.php?rest_route=\/wp\/v2\/product"}],"about":[{"href":"https:\/\/livraria.fadenor.com.br\/index.php?rest_route=\/wp\/v2\/types\/product"}],"version-history":[{"count":1,"href":"https:\/\/livraria.fadenor.com.br\/index.php?rest_route=\/wp\/v2\/product\/930\/revisions"}],"predecessor-version":[{"id":2382,"href":"https:\/\/livraria.fadenor.com.br\/index.php?rest_route=\/wp\/v2\/product\/930\/revisions\/2382"}],"wp:featuredmedia":[{"embeddable":true,"href":"https:\/\/livraria.fadenor.com.br\/index.php?rest_route=\/wp\/v2\/media\/1096"}],"wp:attachment":[{"href":"https:\/\/livraria.fadenor.com.br\/index.php?rest_route=%2Fwp%2Fv2%2Fmedia&parent=930"}],"wp:term":[{"taxonomy":"product_brand","embeddable":true,"href":"https:\/\/livraria.fadenor.com.br\/index.php?rest_route=%2Fwp%2Fv2%2Fproduct_brand&post=930"},{"taxonomy":"product_cat","embeddable":true,"href":"https:\/\/livraria.fadenor.com.br\/index.php?rest_route=%2Fwp%2Fv2%2Fproduct_cat&post=930"},{"taxonomy":"product_tag","embeddable":true,"href":"https:\/\/livraria.fadenor.com.br\/index.php?rest_route=%2Fwp%2Fv2%2Fproduct_tag&post=930"}],"curies":[{"name":"wp","href":"https:\/\/api.w.org\/{rel}","templated":true}]}}