{"id":931,"date":"2024-08-03T23:02:27","date_gmt":"2024-08-04T02:02:27","guid":{"rendered":"https:\/\/livraria.fadenor.com.br\/?post_type=product&#038;p=931"},"modified":"2025-12-12T16:02:57","modified_gmt":"2025-12-12T19:02:57","slug":"desafios-do-direito-no-seculo-xxi","status":"publish","type":"product","link":"https:\/\/livraria.fadenor.com.br\/?product=desafios-do-direito-no-seculo-xxi","title":{"rendered":"Desafios do Direito no S\u00e9culo XXI"},"content":{"rendered":"<div class=\"elementor-element elementor-element-65767f5f elementor-widget__width-initial elementor-widget elementor-widget-text-editor\" data-id=\"65767f5f\" data-element_type=\"widget\" data-widget_type=\"text-editor.default\">\n<div class=\"elementor-widget-container\">\n<p><b>Organizadores<\/b>: Ana L\u00facia Ribeiro M\u00f3l, Rita Edite Lopes Borges e Wilson Medeiros Pereira<\/p>\n<p><b>Sinopse<\/b>: As rela\u00e7\u00f5es interpessoais s\u00e3o multifacet\u00e1rias por sua pr\u00f3pria natureza, o que gera reflexos importantes na regulamenta\u00e7\u00e3o da conduta dos indiv\u00edduos pelo Direito. Nesse sentido, as v\u00e1rias mudan\u00e7as vivenciadas pela sociedade n\u00e3o passam despercebidas pela ci\u00eancia jur\u00eddica, cujos estudiosos se dedicam a esmiu\u00e7ar as consequ\u00eancias dessas altera\u00e7\u00f5es, especialmente no \u00e2mbito das modifica\u00e7\u00f5es legislativas dos \u00faltimos tempos.<\/p>\n<\/div>\n<\/div>\n<section class=\"elementor-section elementor-inner-section elementor-element elementor-element-79aeb7a2 elementor-section-boxed elementor-section-height-default elementor-section-height-default wpr-particle-no wpr-jarallax-no wpr-parallax-no wpr-sticky-section-no\" data-id=\"79aeb7a2\" data-element_type=\"section\">\n<div class=\"elementor-container elementor-column-gap-default\">\n<div class=\"elementor-column elementor-col-50 elementor-inner-column elementor-element elementor-element-25bb8185\" data-id=\"25bb8185\" data-element_type=\"column\">\n<div class=\"elementor-widget-wrap elementor-element-populated\">\n<div class=\"elementor-element elementor-element-6bdb1ee1 elementor-widget elementor-widget-text-editor\" data-id=\"6bdb1ee1\" data-element_type=\"widget\" data-widget_type=\"text-editor.default\">\n<div class=\"elementor-widget-container\">\n<p><strong>\u00c1rea:\u00a0<\/strong>Ci\u00eancias Sociais Aplicadas<\/p>\n<p><strong>ISBN:<\/strong>\u00a0978-65-86467-00-0<b><br \/>\n<\/b><\/p>\n<p><strong>Edi\u00e7\u00e3o:<\/strong>\u00a01\u00b0<\/p>\n<p><strong>Ano:<\/strong>\u00a02020<\/p>\n<p><strong>P\u00e1ginas:\u00a0<\/strong>227<\/p>\n<p><strong>Editora:\u00a0<\/strong>Unimontes<\/p>\n<\/div>\n<\/div>\n<\/div>\n<\/div>\n<\/div>\n<\/section>\n","protected":false},"excerpt":{"rendered":"<p>Organizadores: Ana L\u00facia Ribeiro M\u00f3l, Rita Edite Lopes Borges e Wilson Medeiros Pereira Sinopse: As rela\u00e7\u00f5es interpessoais s\u00e3o multifacet\u00e1rias por sua pr\u00f3pria natureza, o que gera reflexos importantes na regulamenta\u00e7\u00e3o da conduta dos indiv\u00edduos pelo Direito. Nesse sentido, as v\u00e1rias mudan\u00e7as vivenciadas pela sociedade n\u00e3o passam despercebidas pela ci\u00eancia jur\u00eddica, cujos estudiosos se dedicam a [&hellip;]<\/p>\n","protected":false},"featured_media":1084,"template":"","meta":[],"product_brand":[],"product_cat":[32,26],"product_tag":[],"class_list":{"0":"post-931","1":"product","2":"type-product","3":"status-publish","4":"has-post-thumbnail","6":"product_cat-ciencias-sociais-aplicadas","7":"product_cat-publicacoes","9":"first","10":"outofstock","11":"shipping-taxable","12":"purchasable","13":"product-type-simple"},"_links":{"self":[{"href":"https:\/\/livraria.fadenor.com.br\/index.php?rest_route=\/wp\/v2\/product\/931","targetHints":{"allow":["GET"]}}],"collection":[{"href":"https:\/\/livraria.fadenor.com.br\/index.php?rest_route=\/wp\/v2\/product"}],"about":[{"href":"https:\/\/livraria.fadenor.com.br\/index.php?rest_route=\/wp\/v2\/types\/product"}],"version-history":[{"count":1,"href":"https:\/\/livraria.fadenor.com.br\/index.php?rest_route=\/wp\/v2\/product\/931\/revisions"}],"predecessor-version":[{"id":2383,"href":"https:\/\/livraria.fadenor.com.br\/index.php?rest_route=\/wp\/v2\/product\/931\/revisions\/2383"}],"wp:featuredmedia":[{"embeddable":true,"href":"https:\/\/livraria.fadenor.com.br\/index.php?rest_route=\/wp\/v2\/media\/1084"}],"wp:attachment":[{"href":"https:\/\/livraria.fadenor.com.br\/index.php?rest_route=%2Fwp%2Fv2%2Fmedia&parent=931"}],"wp:term":[{"taxonomy":"product_brand","embeddable":true,"href":"https:\/\/livraria.fadenor.com.br\/index.php?rest_route=%2Fwp%2Fv2%2Fproduct_brand&post=931"},{"taxonomy":"product_cat","embeddable":true,"href":"https:\/\/livraria.fadenor.com.br\/index.php?rest_route=%2Fwp%2Fv2%2Fproduct_cat&post=931"},{"taxonomy":"product_tag","embeddable":true,"href":"https:\/\/livraria.fadenor.com.br\/index.php?rest_route=%2Fwp%2Fv2%2Fproduct_tag&post=931"}],"curies":[{"name":"wp","href":"https:\/\/api.w.org\/{rel}","templated":true}]}}