{"id":932,"date":"2024-08-03T23:04:51","date_gmt":"2024-08-04T02:04:51","guid":{"rendered":"https:\/\/livraria.fadenor.com.br\/?post_type=product&#038;p=932"},"modified":"2025-12-12T16:03:06","modified_gmt":"2025-12-12T19:03:06","slug":"coracao-sentinela","status":"publish","type":"product","link":"https:\/\/livraria.fadenor.com.br\/?product=coracao-sentinela","title":{"rendered":"Cora\u00e7\u00e3o Sentinela"},"content":{"rendered":"<div class=\"elementor-element elementor-element-4e9d33c5 elementor-widget__width-initial elementor-widget elementor-widget-text-editor\" data-id=\"4e9d33c5\" data-element_type=\"widget\" data-widget_type=\"text-editor.default\">\n<div class=\"elementor-widget-container\">\n<p><b>Autores<\/b>: Cel. Hamilton Alves Gondin Filho e Cabo Jo\u00e3o Batista Ferreira de Freitas<\/p>\n<p><b>Sinopse<\/b>: Definido pelo Cel. Hamilton Alves Gondim Filho na apresenta\u00e7\u00e3o da obra como \u201ca prova inconteste da sensibilidade humana\u201d, o livro reune, por meio de poemas, a express\u00e3o dos sentimentos de militares, que h\u00e1 alguns anos, mantinham uma imagem social de dureza e impessoalidade perante a sociedade.<\/p>\n<\/div>\n<\/div>\n<section class=\"elementor-section elementor-inner-section elementor-element elementor-element-24a3d04f elementor-section-boxed elementor-section-height-default elementor-section-height-default wpr-particle-no wpr-jarallax-no wpr-parallax-no wpr-sticky-section-no\" data-id=\"24a3d04f\" data-element_type=\"section\">\n<div class=\"elementor-container elementor-column-gap-default\">\n<div class=\"elementor-column elementor-col-50 elementor-inner-column elementor-element elementor-element-6077be8\" data-id=\"6077be8\" data-element_type=\"column\">\n<div class=\"elementor-widget-wrap elementor-element-populated\">\n<div class=\"elementor-element elementor-element-59f79811 elementor-widget elementor-widget-text-editor\" data-id=\"59f79811\" data-element_type=\"widget\" data-widget_type=\"text-editor.default\">\n<div class=\"elementor-widget-container\">\n<p><strong>\u00c1rea:\u00a0<\/strong>Lingu\u00edstica, Letras e Artes<\/p>\n<p><strong>ISBN:<\/strong>\u00a085-87-786-85-7<\/p>\n<p><strong>Ano | Edi\u00e7\u00e3o:<\/strong>\u00a02005 |\u00a01\u00b0<\/p>\n<p><strong>P\u00e1ginas:<\/strong>\u00a071<\/p>\n<p><strong>Editora:<\/strong>\u00a0Unimontes<\/p>\n<p><strong>Dimens\u00e3o:\u00a0<\/strong>14x21cm<\/p>\n<\/div>\n<\/div>\n<\/div>\n<\/div>\n<\/div>\n<\/section>\n","protected":false},"excerpt":{"rendered":"<p>Autores: Cel. Hamilton Alves Gondin Filho e Cabo Jo\u00e3o Batista Ferreira de Freitas Sinopse: Definido pelo Cel. Hamilton Alves Gondim Filho na apresenta\u00e7\u00e3o da obra como \u201ca prova inconteste da sensibilidade humana\u201d, o livro reune, por meio de poemas, a express\u00e3o dos sentimentos de militares, que h\u00e1 alguns anos, mantinham uma imagem social de dureza [&hellip;]<\/p>\n","protected":false},"featured_media":1088,"template":"","meta":[],"product_brand":[],"product_cat":[34,26],"product_tag":[],"class_list":{"0":"post-932","1":"product","2":"type-product","3":"status-publish","4":"has-post-thumbnail","6":"product_cat-linguistica-letras-e-artes","7":"product_cat-publicacoes","9":"first","10":"outofstock","11":"shipping-taxable","12":"purchasable","13":"product-type-simple"},"_links":{"self":[{"href":"https:\/\/livraria.fadenor.com.br\/index.php?rest_route=\/wp\/v2\/product\/932","targetHints":{"allow":["GET"]}}],"collection":[{"href":"https:\/\/livraria.fadenor.com.br\/index.php?rest_route=\/wp\/v2\/product"}],"about":[{"href":"https:\/\/livraria.fadenor.com.br\/index.php?rest_route=\/wp\/v2\/types\/product"}],"version-history":[{"count":2,"href":"https:\/\/livraria.fadenor.com.br\/index.php?rest_route=\/wp\/v2\/product\/932\/revisions"}],"predecessor-version":[{"id":2384,"href":"https:\/\/livraria.fadenor.com.br\/index.php?rest_route=\/wp\/v2\/product\/932\/revisions\/2384"}],"wp:featuredmedia":[{"embeddable":true,"href":"https:\/\/livraria.fadenor.com.br\/index.php?rest_route=\/wp\/v2\/media\/1088"}],"wp:attachment":[{"href":"https:\/\/livraria.fadenor.com.br\/index.php?rest_route=%2Fwp%2Fv2%2Fmedia&parent=932"}],"wp:term":[{"taxonomy":"product_brand","embeddable":true,"href":"https:\/\/livraria.fadenor.com.br\/index.php?rest_route=%2Fwp%2Fv2%2Fproduct_brand&post=932"},{"taxonomy":"product_cat","embeddable":true,"href":"https:\/\/livraria.fadenor.com.br\/index.php?rest_route=%2Fwp%2Fv2%2Fproduct_cat&post=932"},{"taxonomy":"product_tag","embeddable":true,"href":"https:\/\/livraria.fadenor.com.br\/index.php?rest_route=%2Fwp%2Fv2%2Fproduct_tag&post=932"}],"curies":[{"name":"wp","href":"https:\/\/api.w.org\/{rel}","templated":true}]}}