{"id":933,"date":"2024-08-03T23:07:03","date_gmt":"2024-08-04T02:07:03","guid":{"rendered":"https:\/\/livraria.fadenor.com.br\/?post_type=product&#038;p=933"},"modified":"2025-12-12T16:03:14","modified_gmt":"2025-12-12T19:03:14","slug":"cidade-global-segregacao-e-espetaculo","status":"publish","type":"product","link":"https:\/\/livraria.fadenor.com.br\/?product=cidade-global-segregacao-e-espetaculo","title":{"rendered":"Cidade Global: Segrega\u00e7\u00e3o e espet\u00e1culo"},"content":{"rendered":"<div class=\"elementor-element elementor-element-1ebabbc elementor-widget__width-initial elementor-widget elementor-widget-text-editor\" data-id=\"1ebabbc\" data-element_type=\"widget\" data-widget_type=\"text-editor.default\">\n<div class=\"elementor-widget-container\">\n<p><b>Autores<\/b>: Ant\u00f4nio Dimas Cardoso, Domingos Vaz e Lu\u00eds Baptista<\/p>\n<p><b>Sinopse<\/b>: Este livro procura pensar as transforma\u00e7\u00f5es urbanas e modos de governa\u00e7\u00e3o tendo em considera\u00e7\u00e3o que a centralidade da vida urbana esteve sempre ligada a alguma maneira de ambiente p\u00fablico transparente para os seus participantes, no seio do qual as cidades se assumiram como centros de equil\u00edbrio entre proximidade e dist\u00e2ncia. O espa\u00e7o urbano est\u00e1 dependente tanto da sua forma de crescimento, que pode ser ca\u00f3tica ou ordenada, como da sua governa\u00e7\u00e3o, que refletem tamb\u00e9m de modo extraordin\u00e1rio o modo de vida dos seus habitantes e transeuntes.<\/p>\n<\/div>\n<\/div>\n<section class=\"elementor-section elementor-inner-section elementor-element elementor-element-5957792 elementor-section-boxed elementor-section-height-default elementor-section-height-default wpr-particle-no wpr-jarallax-no wpr-parallax-no wpr-sticky-section-no\" data-id=\"5957792\" data-element_type=\"section\">\n<div class=\"elementor-container elementor-column-gap-default\">\n<div class=\"elementor-column elementor-col-50 elementor-inner-column elementor-element elementor-element-781b1e9c\" data-id=\"781b1e9c\" data-element_type=\"column\">\n<div class=\"elementor-widget-wrap elementor-element-populated\">\n<div class=\"elementor-element elementor-element-6d86c660 elementor-widget elementor-widget-text-editor\" data-id=\"6d86c660\" data-element_type=\"widget\" data-widget_type=\"text-editor.default\">\n<div class=\"elementor-widget-container\">\n<p><strong>\u00c1rea:<\/strong>\u00a0Ci\u00eancias Sociais Aplicadas<\/p>\n<p><strong>ISBN:<\/strong>\u00a0978.857739-698-6<\/p>\n<p><strong>Ano | Edi\u00e7\u00e3o:<\/strong>\u00a02016 |\u00a01\u00b0<\/p>\n<p><strong>P\u00e1ginas:<\/strong>\u00a0312<\/p>\n<p><strong>Editora:<\/strong>\u00a0Unimontes<\/p>\n<p><strong>Dimens\u00e3o:\u00a0<\/strong>14x21cm<\/p>\n<\/div>\n<\/div>\n<\/div>\n<\/div>\n<\/div>\n<\/section>\n","protected":false},"excerpt":{"rendered":"<p>Autores: Ant\u00f4nio Dimas Cardoso, Domingos Vaz e Lu\u00eds Baptista Sinopse: Este livro procura pensar as transforma\u00e7\u00f5es urbanas e modos de governa\u00e7\u00e3o tendo em considera\u00e7\u00e3o que a centralidade da vida urbana esteve sempre ligada a alguma maneira de ambiente p\u00fablico transparente para os seus participantes, no seio do qual as cidades se assumiram como centros de [&hellip;]<\/p>\n","protected":false},"featured_media":1086,"template":"","meta":[],"product_brand":[],"product_cat":[32,26],"product_tag":[],"class_list":{"0":"post-933","1":"product","2":"type-product","3":"status-publish","4":"has-post-thumbnail","6":"product_cat-ciencias-sociais-aplicadas","7":"product_cat-publicacoes","9":"first","10":"outofstock","11":"shipping-taxable","12":"purchasable","13":"product-type-simple"},"_links":{"self":[{"href":"https:\/\/livraria.fadenor.com.br\/index.php?rest_route=\/wp\/v2\/product\/933","targetHints":{"allow":["GET"]}}],"collection":[{"href":"https:\/\/livraria.fadenor.com.br\/index.php?rest_route=\/wp\/v2\/product"}],"about":[{"href":"https:\/\/livraria.fadenor.com.br\/index.php?rest_route=\/wp\/v2\/types\/product"}],"version-history":[{"count":1,"href":"https:\/\/livraria.fadenor.com.br\/index.php?rest_route=\/wp\/v2\/product\/933\/revisions"}],"predecessor-version":[{"id":2385,"href":"https:\/\/livraria.fadenor.com.br\/index.php?rest_route=\/wp\/v2\/product\/933\/revisions\/2385"}],"wp:featuredmedia":[{"embeddable":true,"href":"https:\/\/livraria.fadenor.com.br\/index.php?rest_route=\/wp\/v2\/media\/1086"}],"wp:attachment":[{"href":"https:\/\/livraria.fadenor.com.br\/index.php?rest_route=%2Fwp%2Fv2%2Fmedia&parent=933"}],"wp:term":[{"taxonomy":"product_brand","embeddable":true,"href":"https:\/\/livraria.fadenor.com.br\/index.php?rest_route=%2Fwp%2Fv2%2Fproduct_brand&post=933"},{"taxonomy":"product_cat","embeddable":true,"href":"https:\/\/livraria.fadenor.com.br\/index.php?rest_route=%2Fwp%2Fv2%2Fproduct_cat&post=933"},{"taxonomy":"product_tag","embeddable":true,"href":"https:\/\/livraria.fadenor.com.br\/index.php?rest_route=%2Fwp%2Fv2%2Fproduct_tag&post=933"}],"curies":[{"name":"wp","href":"https:\/\/api.w.org\/{rel}","templated":true}]}}