{"id":934,"date":"2024-08-03T23:09:10","date_gmt":"2024-08-04T02:09:10","guid":{"rendered":"https:\/\/livraria.fadenor.com.br\/?post_type=product&#038;p=934"},"modified":"2025-12-12T16:03:23","modified_gmt":"2025-12-12T19:03:23","slug":"casos-clinicos-em-neurologia-da-teoria-a-pratica","status":"publish","type":"product","link":"https:\/\/livraria.fadenor.com.br\/?product=casos-clinicos-em-neurologia-da-teoria-a-pratica","title":{"rendered":"Casos cl\u00ednicos em neurologia: da teoria \u00e0 pr\u00e1tica"},"content":{"rendered":"<div class=\"elementor-element elementor-element-555b5382 elementor-widget__width-initial elementor-widget elementor-widget-text-editor\" data-id=\"555b5382\" data-element_type=\"widget\" data-widget_type=\"text-editor.default\">\n<div class=\"elementor-widget-container\">\n<p><b>Organizadores<\/b>: C\u00e9sar Felipe Gusm\u00e3o Santiago, Marcelo Jos\u00e9 da Silva de Magalh\u00e3es e Ana Paula Alkmin Figueiredo Martins<\/p>\n<p><b>Sinopse<\/b>: A presente obra tem o prop\u00f3sito de ampliar o dom\u00ednio do conhecimento dentro de um campo extremamente vasto: o da Neurologia. Atrav\u00e9s do estudo de v\u00e1rios casos, a leitura da obra possibilita o desenvolvimento de habilidades necess\u00e1rias \u00e0 compreens\u00e3o de casos cl\u00ednicos e proje\u00e7\u00e3o de um diagn\u00f3stico final.<\/p>\n<\/div>\n<\/div>\n<section class=\"elementor-section elementor-inner-section elementor-element elementor-element-169f5d9 elementor-section-boxed elementor-section-height-default elementor-section-height-default wpr-particle-no wpr-jarallax-no wpr-parallax-no wpr-sticky-section-no\" data-id=\"169f5d9\" data-element_type=\"section\">\n<div class=\"elementor-container elementor-column-gap-default\">\n<div class=\"elementor-column elementor-col-50 elementor-inner-column elementor-element elementor-element-207a4285\" data-id=\"207a4285\" data-element_type=\"column\">\n<div class=\"elementor-widget-wrap elementor-element-populated\">\n<div class=\"elementor-element elementor-element-6637d8a0 elementor-widget elementor-widget-text-editor\" data-id=\"6637d8a0\" data-element_type=\"widget\" data-widget_type=\"text-editor.default\">\n<div class=\"elementor-widget-container\">\n<p><strong>\u00c1rea:<\/strong>\u00a0Ci\u00eancias da Sa\u00fade<\/p>\n<p><strong>ISBN:<\/strong>\u00a0978-85-7739-707-5<\/p>\n<p><strong>Ano | Edi\u00e7\u00e3o:<\/strong>\u00a02017 |\u00a01\u00b0<\/p>\n<p><strong>P\u00e1ginas:\u00a0<\/strong>299<\/p>\n<p><strong>Editora:<\/strong>\u00a0Unimontes<\/p>\n<p><strong>Dimens\u00e3o:<\/strong>\u00a014x21cm<\/p>\n<\/div>\n<\/div>\n<\/div>\n<\/div>\n<\/div>\n<\/section>\n","protected":false},"excerpt":{"rendered":"<p>Organizadores: C\u00e9sar Felipe Gusm\u00e3o Santiago, Marcelo Jos\u00e9 da Silva de Magalh\u00e3es e Ana Paula Alkmin Figueiredo Martins Sinopse: A presente obra tem o prop\u00f3sito de ampliar o dom\u00ednio do conhecimento dentro de um campo extremamente vasto: o da Neurologia. Atrav\u00e9s do estudo de v\u00e1rios casos, a leitura da obra possibilita o desenvolvimento de habilidades necess\u00e1rias [&hellip;]<\/p>\n","protected":false},"featured_media":1069,"template":"","meta":[],"product_brand":[],"product_cat":[29,26],"product_tag":[],"class_list":{"0":"post-934","1":"product","2":"type-product","3":"status-publish","4":"has-post-thumbnail","6":"product_cat-ciencias-da-saude","7":"product_cat-publicacoes","9":"first","10":"outofstock","11":"shipping-taxable","12":"purchasable","13":"product-type-simple"},"_links":{"self":[{"href":"https:\/\/livraria.fadenor.com.br\/index.php?rest_route=\/wp\/v2\/product\/934","targetHints":{"allow":["GET"]}}],"collection":[{"href":"https:\/\/livraria.fadenor.com.br\/index.php?rest_route=\/wp\/v2\/product"}],"about":[{"href":"https:\/\/livraria.fadenor.com.br\/index.php?rest_route=\/wp\/v2\/types\/product"}],"version-history":[{"count":1,"href":"https:\/\/livraria.fadenor.com.br\/index.php?rest_route=\/wp\/v2\/product\/934\/revisions"}],"predecessor-version":[{"id":2386,"href":"https:\/\/livraria.fadenor.com.br\/index.php?rest_route=\/wp\/v2\/product\/934\/revisions\/2386"}],"wp:featuredmedia":[{"embeddable":true,"href":"https:\/\/livraria.fadenor.com.br\/index.php?rest_route=\/wp\/v2\/media\/1069"}],"wp:attachment":[{"href":"https:\/\/livraria.fadenor.com.br\/index.php?rest_route=%2Fwp%2Fv2%2Fmedia&parent=934"}],"wp:term":[{"taxonomy":"product_brand","embeddable":true,"href":"https:\/\/livraria.fadenor.com.br\/index.php?rest_route=%2Fwp%2Fv2%2Fproduct_brand&post=934"},{"taxonomy":"product_cat","embeddable":true,"href":"https:\/\/livraria.fadenor.com.br\/index.php?rest_route=%2Fwp%2Fv2%2Fproduct_cat&post=934"},{"taxonomy":"product_tag","embeddable":true,"href":"https:\/\/livraria.fadenor.com.br\/index.php?rest_route=%2Fwp%2Fv2%2Fproduct_tag&post=934"}],"curies":[{"name":"wp","href":"https:\/\/api.w.org\/{rel}","templated":true}]}}