{"id":935,"date":"2024-08-03T23:12:11","date_gmt":"2024-08-04T02:12:11","guid":{"rendered":"https:\/\/livraria.fadenor.com.br\/?post_type=product&#038;p=935"},"modified":"2025-12-12T16:03:32","modified_gmt":"2025-12-12T19:03:32","slug":"a-universidade-e-modos-de-producao-do-conhecimento","status":"publish","type":"product","link":"https:\/\/livraria.fadenor.com.br\/?product=a-universidade-e-modos-de-producao-do-conhecimento","title":{"rendered":"A universidade e modos de produ\u00e7\u00e3o do conhecimento"},"content":{"rendered":"<p><strong>ISBN:\u00a0<\/strong>978-85-7739-704-4<\/p>\n<p><strong>T\u00edtulo:\u00a0<\/strong>A universidade e modos de produ\u00e7\u00e3o do conhecimento<\/p>\n<p><strong>Edi\u00e7\u00e3o:\u00a0<\/strong>1\u00aa<\/p>\n<p><strong>Ano Edi\u00e7\u00e3o:\u00a0<\/strong>2016<\/p>\n<p><strong>Tipo de Suporte:\u00a0<\/strong>Papel<\/p>\n<p><strong>P\u00e1ginas:\u00a0<\/strong>290<\/p>\n<p><strong>Editor(a):\u00a0<\/strong>Editora Unimontes<\/p>\n<p><strong>Participa\u00e7\u00f5es:\u00a0<\/strong>Casimiro Balsa et al (Organizador)<\/p>\n","protected":false},"excerpt":{"rendered":"<p>ISBN:\u00a0978-85-7739-704-4 T\u00edtulo:\u00a0A universidade e modos de produ\u00e7\u00e3o do conhecimento Edi\u00e7\u00e3o:\u00a01\u00aa Ano Edi\u00e7\u00e3o:\u00a02016 Tipo de Suporte:\u00a0Papel P\u00e1ginas:\u00a0290 Editor(a):\u00a0Editora Unimontes Participa\u00e7\u00f5es:\u00a0Casimiro Balsa et al (Organizador)<\/p>\n","protected":false},"featured_media":1101,"template":"","meta":[],"product_brand":[],"product_cat":[32,26],"product_tag":[],"class_list":{"0":"post-935","1":"product","2":"type-product","3":"status-publish","4":"has-post-thumbnail","6":"product_cat-ciencias-sociais-aplicadas","7":"product_cat-publicacoes","9":"first","10":"outofstock","11":"shipping-taxable","12":"purchasable","13":"product-type-simple"},"_links":{"self":[{"href":"https:\/\/livraria.fadenor.com.br\/index.php?rest_route=\/wp\/v2\/product\/935","targetHints":{"allow":["GET"]}}],"collection":[{"href":"https:\/\/livraria.fadenor.com.br\/index.php?rest_route=\/wp\/v2\/product"}],"about":[{"href":"https:\/\/livraria.fadenor.com.br\/index.php?rest_route=\/wp\/v2\/types\/product"}],"version-history":[{"count":1,"href":"https:\/\/livraria.fadenor.com.br\/index.php?rest_route=\/wp\/v2\/product\/935\/revisions"}],"predecessor-version":[{"id":2387,"href":"https:\/\/livraria.fadenor.com.br\/index.php?rest_route=\/wp\/v2\/product\/935\/revisions\/2387"}],"wp:featuredmedia":[{"embeddable":true,"href":"https:\/\/livraria.fadenor.com.br\/index.php?rest_route=\/wp\/v2\/media\/1101"}],"wp:attachment":[{"href":"https:\/\/livraria.fadenor.com.br\/index.php?rest_route=%2Fwp%2Fv2%2Fmedia&parent=935"}],"wp:term":[{"taxonomy":"product_brand","embeddable":true,"href":"https:\/\/livraria.fadenor.com.br\/index.php?rest_route=%2Fwp%2Fv2%2Fproduct_brand&post=935"},{"taxonomy":"product_cat","embeddable":true,"href":"https:\/\/livraria.fadenor.com.br\/index.php?rest_route=%2Fwp%2Fv2%2Fproduct_cat&post=935"},{"taxonomy":"product_tag","embeddable":true,"href":"https:\/\/livraria.fadenor.com.br\/index.php?rest_route=%2Fwp%2Fv2%2Fproduct_tag&post=935"}],"curies":[{"name":"wp","href":"https:\/\/api.w.org\/{rel}","templated":true}]}}