{"id":936,"date":"2024-08-03T23:14:12","date_gmt":"2024-08-04T02:14:12","guid":{"rendered":"https:\/\/livraria.fadenor.com.br\/?post_type=product&#038;p=936"},"modified":"2025-12-12T16:03:41","modified_gmt":"2025-12-12T19:03:41","slug":"a-parafrase-no-discurso-juridico","status":"publish","type":"product","link":"https:\/\/livraria.fadenor.com.br\/?product=a-parafrase-no-discurso-juridico","title":{"rendered":"A Par\u00e1frase no Discurso Jur\u00eddico"},"content":{"rendered":"<div class=\"elementor-element elementor-element-47874005 elementor-widget__width-initial elementor-widget elementor-widget-text-editor\" data-id=\"47874005\" data-element_type=\"widget\" data-widget_type=\"text-editor.default\">\n<div class=\"elementor-widget-container\">\n<p><b>Autora<\/b>:\u00a0Maria Ieda Almeida Muniz<\/p>\n<p><b>Sinopse<\/b>: Esse trabalho enfoca um aspecto da l\u00edngua e traz contribui\u00e7\u00f5es inestim\u00e1veis para o estudioso dos fatos lingu\u00edsticos. De leitura agrad\u00e1vel, os textos poder\u00e3o trazer subs\u00eddios tanto para os estudantes de Letras como para o cultor das Ci\u00eancias Jur\u00eddicas. O estudante do direito ou advogado, lendo o alentado trabalho, ter\u00e1 seu olhar voltado para um dos maiores recursos para aquele que quer ser um produtor textual: o emprego da par\u00e1frase.<\/p>\n<\/div>\n<\/div>\n<section class=\"elementor-section elementor-inner-section elementor-element elementor-element-7fa71129 elementor-section-boxed elementor-section-height-default elementor-section-height-default wpr-particle-no wpr-jarallax-no wpr-parallax-no wpr-sticky-section-no\" data-id=\"7fa71129\" data-element_type=\"section\">\n<div class=\"elementor-container elementor-column-gap-default\">\n<div class=\"elementor-column elementor-col-50 elementor-inner-column elementor-element elementor-element-2f66f6dc\" data-id=\"2f66f6dc\" data-element_type=\"column\">\n<div class=\"elementor-widget-wrap elementor-element-populated\">\n<div class=\"elementor-element elementor-element-5c277147 elementor-widget elementor-widget-text-editor\" data-id=\"5c277147\" data-element_type=\"widget\" data-widget_type=\"text-editor.default\">\n<div class=\"elementor-widget-container\">\n<p><strong>\u00c1rea:<\/strong>\u00a0Lingu\u00edstica, Letras e Artes<\/p>\n<p><strong>ISBN:\u00a0<\/strong>85-87786-80-6<\/p>\n<p><strong>Ano | Edi\u00e7\u00e3o:<\/strong>\u00a02004 |\u00a01\u00b0<\/p>\n<p><strong>P\u00e1ginas:\u00a0<\/strong>104<\/p>\n<p><strong>Editora:\u00a0<\/strong>Unimontes<\/p>\n<p><strong>Dimens\u00e3o:\u00a0<\/strong>14x21cm<\/p>\n<\/div>\n<\/div>\n<\/div>\n<\/div>\n<\/div>\n<\/section>\n","protected":false},"excerpt":{"rendered":"<p>Autora:\u00a0Maria Ieda Almeida Muniz Sinopse: Esse trabalho enfoca um aspecto da l\u00edngua e traz contribui\u00e7\u00f5es inestim\u00e1veis para o estudioso dos fatos lingu\u00edsticos. De leitura agrad\u00e1vel, os textos poder\u00e3o trazer subs\u00eddios tanto para os estudantes de Letras como para o cultor das Ci\u00eancias Jur\u00eddicas. O estudante do direito ou advogado, lendo o alentado trabalho, ter\u00e1 seu [&hellip;]<\/p>\n","protected":false},"featured_media":1093,"template":"","meta":[],"product_brand":[],"product_cat":[34,26],"product_tag":[],"class_list":{"0":"post-936","1":"product","2":"type-product","3":"status-publish","4":"has-post-thumbnail","6":"product_cat-linguistica-letras-e-artes","7":"product_cat-publicacoes","9":"first","10":"outofstock","11":"shipping-taxable","12":"purchasable","13":"product-type-simple"},"_links":{"self":[{"href":"https:\/\/livraria.fadenor.com.br\/index.php?rest_route=\/wp\/v2\/product\/936","targetHints":{"allow":["GET"]}}],"collection":[{"href":"https:\/\/livraria.fadenor.com.br\/index.php?rest_route=\/wp\/v2\/product"}],"about":[{"href":"https:\/\/livraria.fadenor.com.br\/index.php?rest_route=\/wp\/v2\/types\/product"}],"version-history":[{"count":1,"href":"https:\/\/livraria.fadenor.com.br\/index.php?rest_route=\/wp\/v2\/product\/936\/revisions"}],"predecessor-version":[{"id":2388,"href":"https:\/\/livraria.fadenor.com.br\/index.php?rest_route=\/wp\/v2\/product\/936\/revisions\/2388"}],"wp:featuredmedia":[{"embeddable":true,"href":"https:\/\/livraria.fadenor.com.br\/index.php?rest_route=\/wp\/v2\/media\/1093"}],"wp:attachment":[{"href":"https:\/\/livraria.fadenor.com.br\/index.php?rest_route=%2Fwp%2Fv2%2Fmedia&parent=936"}],"wp:term":[{"taxonomy":"product_brand","embeddable":true,"href":"https:\/\/livraria.fadenor.com.br\/index.php?rest_route=%2Fwp%2Fv2%2Fproduct_brand&post=936"},{"taxonomy":"product_cat","embeddable":true,"href":"https:\/\/livraria.fadenor.com.br\/index.php?rest_route=%2Fwp%2Fv2%2Fproduct_cat&post=936"},{"taxonomy":"product_tag","embeddable":true,"href":"https:\/\/livraria.fadenor.com.br\/index.php?rest_route=%2Fwp%2Fv2%2Fproduct_tag&post=936"}],"curies":[{"name":"wp","href":"https:\/\/api.w.org\/{rel}","templated":true}]}}