{"id":937,"date":"2024-08-03T23:16:02","date_gmt":"2024-08-04T02:16:02","guid":{"rendered":"https:\/\/livraria.fadenor.com.br\/?post_type=product&#038;p=937"},"modified":"2025-12-12T16:03:48","modified_gmt":"2025-12-12T19:03:48","slug":"a-linguagem-e-suas-multiplas-visoes","status":"publish","type":"product","link":"https:\/\/livraria.fadenor.com.br\/?product=a-linguagem-e-suas-multiplas-visoes","title":{"rendered":"A linguagem e suas m\u00faltiplas vis\u00f5es"},"content":{"rendered":"<div class=\"elementor-element elementor-element-56ef4211 elementor-widget__width-initial elementor-widget elementor-widget-text-editor\" data-id=\"56ef4211\" data-element_type=\"widget\" data-widget_type=\"text-editor.default\">\n<div class=\"elementor-widget-container\">\n<p><b>Autoras<\/b>: Maria Ieda Almeida Muniz e Arlete Ribeiro Nepomuceno<\/p>\n<p><b>Sinopse<\/b>: Publica\u00e7\u00e3o multi -, pluri \u2013 e interdisciplinar em que ser\u00e3o apresentados trabalhos cujo foco \u00e9 o car\u00e1ter multifacetado da linguagem por meio de diferentes pressupostos te\u00f3ricos. Assim, qualquer que tenha sido o enfoque dado nos artigos, acreditamos que, de uma forma ou de outra, os estudos apresentados poder\u00e3o contribuir para o saber dos interessados no melhor entendimento da linguagem.<\/p>\n<\/div>\n<\/div>\n<section class=\"elementor-section elementor-inner-section elementor-element elementor-element-174f26be elementor-section-boxed elementor-section-height-default elementor-section-height-default wpr-particle-no wpr-jarallax-no wpr-parallax-no wpr-sticky-section-no\" data-id=\"174f26be\" data-element_type=\"section\">\n<div class=\"elementor-container elementor-column-gap-default\">\n<div class=\"elementor-column elementor-col-50 elementor-inner-column elementor-element elementor-element-4462b2dc\" data-id=\"4462b2dc\" data-element_type=\"column\">\n<div class=\"elementor-widget-wrap elementor-element-populated\">\n<div class=\"elementor-element elementor-element-31dec9fc elementor-widget elementor-widget-text-editor\" data-id=\"31dec9fc\" data-element_type=\"widget\" data-widget_type=\"text-editor.default\">\n<div class=\"elementor-widget-container\">\n<p><strong>\u00c1rea:<\/strong>\u00a0Lingu\u00edstica, Letras e Artes<\/p>\n<p><strong>ISBN:\u00a0<\/strong>978-85-7739-682-5<\/p>\n<p><strong>Ano | Edi\u00e7\u00e3o:<\/strong>\u00a02015 | 2\u00b0<\/p>\n<p><strong>P\u00e1ginas:<\/strong>\u00a0210<\/p>\n<p><strong>Editora:<\/strong>\u00a0Unimontes<\/p>\n<p><strong>Dimens\u00e3o:<\/strong>\u00a014x21cm<\/p>\n<\/div>\n<\/div>\n<\/div>\n<\/div>\n<\/div>\n<\/section>\n","protected":false},"excerpt":{"rendered":"<p>Autoras: Maria Ieda Almeida Muniz e Arlete Ribeiro Nepomuceno Sinopse: Publica\u00e7\u00e3o multi -, pluri \u2013 e interdisciplinar em que ser\u00e3o apresentados trabalhos cujo foco \u00e9 o car\u00e1ter multifacetado da linguagem por meio de diferentes pressupostos te\u00f3ricos. Assim, qualquer que tenha sido o enfoque dado nos artigos, acreditamos que, de uma forma ou de outra, os [&hellip;]<\/p>\n","protected":false},"featured_media":1094,"template":"","meta":[],"product_brand":[],"product_cat":[34,26],"product_tag":[],"class_list":{"0":"post-937","1":"product","2":"type-product","3":"status-publish","4":"has-post-thumbnail","6":"product_cat-linguistica-letras-e-artes","7":"product_cat-publicacoes","9":"first","10":"outofstock","11":"shipping-taxable","12":"purchasable","13":"product-type-simple"},"_links":{"self":[{"href":"https:\/\/livraria.fadenor.com.br\/index.php?rest_route=\/wp\/v2\/product\/937","targetHints":{"allow":["GET"]}}],"collection":[{"href":"https:\/\/livraria.fadenor.com.br\/index.php?rest_route=\/wp\/v2\/product"}],"about":[{"href":"https:\/\/livraria.fadenor.com.br\/index.php?rest_route=\/wp\/v2\/types\/product"}],"version-history":[{"count":1,"href":"https:\/\/livraria.fadenor.com.br\/index.php?rest_route=\/wp\/v2\/product\/937\/revisions"}],"predecessor-version":[{"id":2389,"href":"https:\/\/livraria.fadenor.com.br\/index.php?rest_route=\/wp\/v2\/product\/937\/revisions\/2389"}],"wp:featuredmedia":[{"embeddable":true,"href":"https:\/\/livraria.fadenor.com.br\/index.php?rest_route=\/wp\/v2\/media\/1094"}],"wp:attachment":[{"href":"https:\/\/livraria.fadenor.com.br\/index.php?rest_route=%2Fwp%2Fv2%2Fmedia&parent=937"}],"wp:term":[{"taxonomy":"product_brand","embeddable":true,"href":"https:\/\/livraria.fadenor.com.br\/index.php?rest_route=%2Fwp%2Fv2%2Fproduct_brand&post=937"},{"taxonomy":"product_cat","embeddable":true,"href":"https:\/\/livraria.fadenor.com.br\/index.php?rest_route=%2Fwp%2Fv2%2Fproduct_cat&post=937"},{"taxonomy":"product_tag","embeddable":true,"href":"https:\/\/livraria.fadenor.com.br\/index.php?rest_route=%2Fwp%2Fv2%2Fproduct_tag&post=937"}],"curies":[{"name":"wp","href":"https:\/\/api.w.org\/{rel}","templated":true}]}}